{"id":590,"date":"2017-03-22T18:40:57","date_gmt":"2017-03-22T17:40:57","guid":{"rendered":"http:\/\/www.deibele.eu\/fotobuxtehude\/?page_id=590"},"modified":"2017-05-05T18:26:59","modified_gmt":"2017-05-05T16:26:59","slug":"zwinger","status":"publish","type":"page","link":"https:\/\/www.deibele.eu\/fotobuxtehude\/?page_id=590","title":{"rendered":"Zwinger"},"content":{"rendered":"<table border=\"0\" cellpadding=\"1\" cellspacing=\"1\" style=\"width: 100%;\">\n<tbody>\n<tr>\n<td style=\"width: 25%;\">\n\t\t\t\t<strong>Querverweise:<\/strong>\n\t\t\t<\/td>\n<td style=\"width: 25%;\">\n\t\t\t\t<a href=\"http:\/\/www.deibele.eu\/fotobuxtehude\/?page_id=433\">Ewer Margareta<\/a>\n\t\t\t<\/td>\n<td style=\"width: 25%;\">\n\t\t\t\t<a href=\"http:\/\/www.deibele.eu\/fotobuxtehude\/?page_id=445\">Flethanlage<\/a>\n\t\t\t<\/td>\n<td style=\"width: 25%;\">\n\t\t\t\t<a href=\"http:\/\/www.deibele.eu\/fotobuxtehude\/?page_id=443\">Fleth Apotheke<\/a>\n\t\t\t<\/td>\n<\/tr>\n<tr>\n<td style=\"width: 25%;\">\n\t\t\t\t<a href=\"http:\/\/www.deibele.eu\/fotobuxtehude\/?page_id=447\">Flethbr&uuml;cke<\/a>\n\t\t\t<\/td>\n<td style=\"width: 25%;\">\n\t\t\t\t<a href=\"http:\/\/www.deibele.eu\/fotobuxtehude\/?page_id=449\">Flethenkieker<\/a>\n\t\t\t<\/td>\n<td style=\"width: 25%;\">\n\t\t\t\t<a href=\"http:\/\/www.deibele.eu\/fotobuxtehude\/?page_id=451\">Flethm&uuml;hle<\/a>\n\t\t\t<\/td>\n<td style=\"width: 25%;\">\n\t\t\t\t<a href=\"http:\/\/www.deibele.eu\/fotobuxtehude\/?page_id=530\">Ostfleth<\/a>\n\t\t\t<\/td>\n<\/tr>\n<tr>\n<td style=\"width: 25%;\">\n\t\t\t\t<a href=\"http:\/\/www.deibele.eu\/fotobuxtehude\/?page_id=546\">Rote Laterne<\/a>\n\t\t\t<\/td>\n<td style=\"width: 25%;\">\n\t\t\t\t<a href=\"http:\/\/www.deibele.eu\/fotobuxtehude\/?page_id=552\">Schlachterei Bitter<\/a>\n\t\t\t<\/td>\n<td style=\"width: 25%;\">\n\t\t\t\t<a href=\"http:\/\/www.deibele.eu\/fotobuxtehude\/?page_id=584\">Westfleth<\/a>\n\t\t\t<\/td>\n<td style=\"width: 25%;\">\n\t\t\t\tZwinger\n\t\t\t<\/td>\n<\/tr>\n<\/tbody>\n<\/table>\n<p>\n\tZwinger, Marschtorzwinger \/ Letzter von ehemals f&uuml;nf Rundt&uuml;rmen an den Eckpunkten der fr&uuml;heren Stadtmauer. Das angrenzende Marschtor im 19. Jahrhundert abgebrochen. V&ouml;llige Restaurierung aus St&auml;dtebauf&ouml;rderungsmitteln in den Jahren 1984\/86. Jetzt Kulturzentrum. (Quelle: www.heimatverein-buxtehude.de)<br \/>\n\tngg_shortcode_0_placeholder<\/p>\n","protected":false},"excerpt":{"rendered":"<p>Querverweise: Ewer Margareta Flethanlage Fleth Apotheke Flethbr&uuml;cke Flethenkieker Flethm&uuml;hle Ostfleth Rote Laterne Schlachterei Bitter Westfleth Zwinger Zwinger, Marschtorzwinger \/ Letzter von ehemals f&uuml;nf Rundt&uuml;rmen an den Eckpunkten der fr&uuml;heren Stadtmauer. Das angrenzende Marschtor im 19. Jahrhundert abgebrochen. V&ouml;llige Restaurierung aus St&auml;dtebauf&ouml;rderungsmitteln in den Jahren 1984\/86. Jetzt Kulturzentrum. (Quelle: www.heimatverein-buxtehude.de)<\/p>\n","protected":false},"author":1,"featured_media":0,"parent":0,"menu_order":0,"comment_status":"closed","ping_status":"closed","template":"","meta":{"ngg_post_thumbnail":0,"footnotes":""},"class_list":["post-590","page","type-page","status-publish","hentry"],"yoast_head":"<!-- This site is optimized with the Yoast SEO plugin v24.8.1 - https:\/\/yoast.com\/wordpress\/plugins\/seo\/ -->\n<title>Zwinger - Buxtehude Fotos<\/title>\n<meta name=\"description\" content=\"Zwinger, Marschtorzwinger \/ Letzter von ehemals f\u00fcnf Rundt\u00fcrmen an den Eckpunkten der fr\u00fcheren Stadtmauer. Das angrenzende Marschtor im 19. Jh abgebrochen.\" \/>\n<meta name=\"robots\" content=\"index, follow, max-snippet:-1, max-image-preview:large, max-video-preview:-1\" \/>\n<link rel=\"canonical\" href=\"https:\/\/www.deibele.eu\/fotobuxtehude\/?page_id=590\" \/>\n<meta property=\"og:locale\" content=\"de_DE\" \/>\n<meta property=\"og:type\" content=\"article\" \/>\n<meta property=\"og:title\" content=\"Zwinger - Buxtehude Fotos\" \/>\n<meta property=\"og:description\" content=\"Zwinger, Marschtorzwinger \/ Letzter von ehemals f\u00fcnf Rundt\u00fcrmen an den Eckpunkten der fr\u00fcheren Stadtmauer. Das angrenzende Marschtor im 19. Jh abgebrochen.\" \/>\n<meta property=\"og:url\" content=\"https:\/\/www.deibele.eu\/fotobuxtehude\/?page_id=590\" \/>\n<meta property=\"og:site_name\" content=\"Buxtehude Fotos\" \/>\n<meta property=\"article:modified_time\" content=\"2017-05-05T16:26:59+00:00\" \/>\n<meta name=\"twitter:card\" content=\"summary_large_image\" \/>\n<script type=\"application\/ld+json\" class=\"yoast-schema-graph\">{\"@context\":\"https:\/\/schema.org\",\"@graph\":[{\"@type\":\"WebPage\",\"@id\":\"https:\/\/www.deibele.eu\/fotobuxtehude\/?page_id=590\",\"url\":\"https:\/\/www.deibele.eu\/fotobuxtehude\/?page_id=590\",\"name\":\"Zwinger - Buxtehude Fotos\",\"isPartOf\":{\"@id\":\"https:\/\/www.deibele.eu\/fotobuxtehude\/#website\"},\"datePublished\":\"2017-03-22T17:40:57+00:00\",\"dateModified\":\"2017-05-05T16:26:59+00:00\",\"description\":\"Zwinger, Marschtorzwinger \/ Letzter von ehemals f\u00fcnf Rundt\u00fcrmen an den Eckpunkten der fr\u00fcheren Stadtmauer. Das angrenzende Marschtor im 19. Jh abgebrochen.\",\"breadcrumb\":{\"@id\":\"https:\/\/www.deibele.eu\/fotobuxtehude\/?page_id=590#breadcrumb\"},\"inLanguage\":\"de\",\"potentialAction\":[{\"@type\":\"ReadAction\",\"target\":[\"https:\/\/www.deibele.eu\/fotobuxtehude\/?page_id=590\"]}]},{\"@type\":\"BreadcrumbList\",\"@id\":\"https:\/\/www.deibele.eu\/fotobuxtehude\/?page_id=590#breadcrumb\",\"itemListElement\":[{\"@type\":\"ListItem\",\"position\":1,\"name\":\"Startseite\",\"item\":\"https:\/\/www.deibele.eu\/fotobuxtehude\/\"},{\"@type\":\"ListItem\",\"position\":2,\"name\":\"Zwinger\"}]},{\"@type\":\"WebSite\",\"@id\":\"https:\/\/www.deibele.eu\/fotobuxtehude\/#website\",\"url\":\"https:\/\/www.deibele.eu\/fotobuxtehude\/\",\"name\":\"Buxtehude Fotos\",\"description\":\"von Arnold Deibele\",\"potentialAction\":[{\"@type\":\"SearchAction\",\"target\":{\"@type\":\"EntryPoint\",\"urlTemplate\":\"https:\/\/www.deibele.eu\/fotobuxtehude\/?s={search_term_string}\"},\"query-input\":{\"@type\":\"PropertyValueSpecification\",\"valueRequired\":true,\"valueName\":\"search_term_string\"}}],\"inLanguage\":\"de\"}]}<\/script>\n<!-- \/ Yoast SEO plugin. -->","yoast_head_json":{"title":"Zwinger - Buxtehude Fotos","description":"Zwinger, Marschtorzwinger \/ Letzter von ehemals f\u00fcnf Rundt\u00fcrmen an den Eckpunkten der fr\u00fcheren Stadtmauer. Das angrenzende Marschtor im 19. Jh abgebrochen.","robots":{"index":"index","follow":"follow","max-snippet":"max-snippet:-1","max-image-preview":"max-image-preview:large","max-video-preview":"max-video-preview:-1"},"canonical":"https:\/\/www.deibele.eu\/fotobuxtehude\/?page_id=590","og_locale":"de_DE","og_type":"article","og_title":"Zwinger - Buxtehude Fotos","og_description":"Zwinger, Marschtorzwinger \/ Letzter von ehemals f\u00fcnf Rundt\u00fcrmen an den Eckpunkten der fr\u00fcheren Stadtmauer. Das angrenzende Marschtor im 19. Jh abgebrochen.","og_url":"https:\/\/www.deibele.eu\/fotobuxtehude\/?page_id=590","og_site_name":"Buxtehude Fotos","article_modified_time":"2017-05-05T16:26:59+00:00","twitter_card":"summary_large_image","schema":{"@context":"https:\/\/schema.org","@graph":[{"@type":"WebPage","@id":"https:\/\/www.deibele.eu\/fotobuxtehude\/?page_id=590","url":"https:\/\/www.deibele.eu\/fotobuxtehude\/?page_id=590","name":"Zwinger - Buxtehude Fotos","isPartOf":{"@id":"https:\/\/www.deibele.eu\/fotobuxtehude\/#website"},"datePublished":"2017-03-22T17:40:57+00:00","dateModified":"2017-05-05T16:26:59+00:00","description":"Zwinger, Marschtorzwinger \/ Letzter von ehemals f\u00fcnf Rundt\u00fcrmen an den Eckpunkten der fr\u00fcheren Stadtmauer. Das angrenzende Marschtor im 19. Jh abgebrochen.","breadcrumb":{"@id":"https:\/\/www.deibele.eu\/fotobuxtehude\/?page_id=590#breadcrumb"},"inLanguage":"de","potentialAction":[{"@type":"ReadAction","target":["https:\/\/www.deibele.eu\/fotobuxtehude\/?page_id=590"]}]},{"@type":"BreadcrumbList","@id":"https:\/\/www.deibele.eu\/fotobuxtehude\/?page_id=590#breadcrumb","itemListElement":[{"@type":"ListItem","position":1,"name":"Startseite","item":"https:\/\/www.deibele.eu\/fotobuxtehude\/"},{"@type":"ListItem","position":2,"name":"Zwinger"}]},{"@type":"WebSite","@id":"https:\/\/www.deibele.eu\/fotobuxtehude\/#website","url":"https:\/\/www.deibele.eu\/fotobuxtehude\/","name":"Buxtehude Fotos","description":"von Arnold Deibele","potentialAction":[{"@type":"SearchAction","target":{"@type":"EntryPoint","urlTemplate":"https:\/\/www.deibele.eu\/fotobuxtehude\/?s={search_term_string}"},"query-input":{"@type":"PropertyValueSpecification","valueRequired":true,"valueName":"search_term_string"}}],"inLanguage":"de"}]}},"_links":{"self":[{"href":"https:\/\/www.deibele.eu\/fotobuxtehude\/index.php?rest_route=\/wp\/v2\/pages\/590","targetHints":{"allow":["GET"]}}],"collection":[{"href":"https:\/\/www.deibele.eu\/fotobuxtehude\/index.php?rest_route=\/wp\/v2\/pages"}],"about":[{"href":"https:\/\/www.deibele.eu\/fotobuxtehude\/index.php?rest_route=\/wp\/v2\/types\/page"}],"author":[{"embeddable":true,"href":"https:\/\/www.deibele.eu\/fotobuxtehude\/index.php?rest_route=\/wp\/v2\/users\/1"}],"replies":[{"embeddable":true,"href":"https:\/\/www.deibele.eu\/fotobuxtehude\/index.php?rest_route=%2Fwp%2Fv2%2Fcomments&post=590"}],"version-history":[{"count":8,"href":"https:\/\/www.deibele.eu\/fotobuxtehude\/index.php?rest_route=\/wp\/v2\/pages\/590\/revisions"}],"predecessor-version":[{"id":6014,"href":"https:\/\/www.deibele.eu\/fotobuxtehude\/index.php?rest_route=\/wp\/v2\/pages\/590\/revisions\/6014"}],"wp:attachment":[{"href":"https:\/\/www.deibele.eu\/fotobuxtehude\/index.php?rest_route=%2Fwp%2Fv2%2Fmedia&parent=590"}],"curies":[{"name":"wp","href":"https:\/\/api.w.org\/{rel}","templated":true}]}}