{"id":582,"date":"2017-03-22T18:39:42","date_gmt":"2017-03-22T17:39:42","guid":{"rendered":"http:\/\/www.deibele.eu\/fotobuxtehude\/?page_id=582"},"modified":"2025-04-06T17:49:58","modified_gmt":"2025-04-06T15:49:58","slug":"viverstrasse","status":"publish","type":"page","link":"https:\/\/www.deibele.eu\/fotobuxtehude\/?page_id=582","title":{"rendered":"Viverstra\u00dfe"},"content":{"rendered":"<table style=\"width: 100%;\" border=\"0\" cellspacing=\"1\" cellpadding=\"1\">\n<tbody>\n<tr>\n<td style=\"width: 25%;\"><strong>Querverweise:<\/strong><\/td>\n<td style=\"width: 25%;\"><a href=\"http:\/\/www.deibele.eu\/fotobuxtehude\/?page_id=482\">Katze mit B\u00fcgel<\/a><\/td>\n<td style=\"width: 25%;\"><a href=\"http:\/\/www.deibele.eu\/fotobuxtehude\/?page_id=512\">Linah-Zwinger<\/a><\/td>\n<td style=\"width: 25%;\">&nbsp;<\/td>\n<\/tr>\n<tr>\n<td style=\"width: 25%;\"><a href=\"http:\/\/www.deibele.eu\/fotobuxtehude\/?page_id=580\">Viver<\/a><\/td>\n<td style=\"width: 25%;\">Viverstra\u00dfe<\/td>\n<td style=\"width: 25%;\">&nbsp;<\/td>\n<td style=\"width: 25%;\">&nbsp;<\/td>\n<\/tr>\n<tr>\n<td style=\"width: 25%;\">&nbsp;<\/td>\n<td style=\"width: 25%;\">&nbsp;<\/td>\n<td style=\"width: 25%;\">&nbsp;<\/td>\n<td style=\"width: 25%;\">&nbsp;<\/td>\n<\/tr>\n<\/tbody>\n<\/table>\n<p>Viverstra\u00dfe mit einem historischen Stadthaus &#8211; B\u00fcrgerliches Wohnhaus mit Fl\u00fcgelbau und Hinterhaus aus dem beginnenden 17. Jahrhundert. An der um 1850 erneuerten Fassade alter Fries mit elf geschnitzten Heiligenfiguren.<br \/>\nngg_shortcode_0_placeholder<\/p>\n","protected":false},"excerpt":{"rendered":"<p>Querverweise: Katze mit B\u00fcgel Linah-Zwinger &nbsp; Viver Viverstra\u00dfe &nbsp; &nbsp; &nbsp; &nbsp; &nbsp; &nbsp; Viverstra\u00dfe mit einem historischen Stadthaus &#8211; B\u00fcrgerliches Wohnhaus mit Fl\u00fcgelbau und Hinterhaus aus dem beginnenden 17. Jahrhundert. An der um 1850 erneuerten Fassade alter Fries mit elf geschnitzten Heiligenfiguren.<\/p>\n","protected":false},"author":1,"featured_media":0,"parent":0,"menu_order":0,"comment_status":"closed","ping_status":"closed","template":"","meta":{"ngg_post_thumbnail":0,"footnotes":""},"class_list":["post-582","page","type-page","status-publish","hentry"],"yoast_head":"<!-- This site is optimized with the Yoast SEO plugin v24.8.1 - https:\/\/yoast.com\/wordpress\/plugins\/seo\/ -->\n<title>Viverstra\u00dfe - Buxtehude Fotos<\/title>\n<meta name=\"description\" content=\"Viverstra\u00dfe mit einem historischen Stadthaus - B\u00fcrgerliches Wohnhaus mit Fl\u00fcgelbau und Hinterhaus aus dem beginnenden 17. Jahrhundert.\" \/>\n<meta name=\"robots\" content=\"index, follow, max-snippet:-1, max-image-preview:large, max-video-preview:-1\" \/>\n<link rel=\"canonical\" href=\"https:\/\/www.deibele.eu\/fotobuxtehude\/?page_id=582\" \/>\n<meta property=\"og:locale\" content=\"de_DE\" \/>\n<meta property=\"og:type\" content=\"article\" \/>\n<meta property=\"og:title\" content=\"Viverstra\u00dfe - Buxtehude Fotos\" \/>\n<meta property=\"og:description\" content=\"Viverstra\u00dfe mit einem historischen Stadthaus - B\u00fcrgerliches Wohnhaus mit Fl\u00fcgelbau und Hinterhaus aus dem beginnenden 17. Jahrhundert.\" \/>\n<meta property=\"og:url\" content=\"https:\/\/www.deibele.eu\/fotobuxtehude\/?page_id=582\" \/>\n<meta property=\"og:site_name\" content=\"Buxtehude Fotos\" \/>\n<meta property=\"article:modified_time\" content=\"2025-04-06T15:49:58+00:00\" \/>\n<meta name=\"twitter:card\" content=\"summary_large_image\" \/>\n<meta name=\"twitter:label1\" content=\"Gesch\u00e4tzte Lesezeit\" \/>\n\t<meta name=\"twitter:data1\" content=\"1\u00a0Minute\" \/>\n<script type=\"application\/ld+json\" class=\"yoast-schema-graph\">{\"@context\":\"https:\/\/schema.org\",\"@graph\":[{\"@type\":\"WebPage\",\"@id\":\"https:\/\/www.deibele.eu\/fotobuxtehude\/?page_id=582\",\"url\":\"https:\/\/www.deibele.eu\/fotobuxtehude\/?page_id=582\",\"name\":\"Viverstra\u00dfe - Buxtehude Fotos\",\"isPartOf\":{\"@id\":\"https:\/\/www.deibele.eu\/fotobuxtehude\/#website\"},\"datePublished\":\"2017-03-22T17:39:42+00:00\",\"dateModified\":\"2025-04-06T15:49:58+00:00\",\"description\":\"Viverstra\u00dfe mit einem historischen Stadthaus - B\u00fcrgerliches Wohnhaus mit Fl\u00fcgelbau und Hinterhaus aus dem beginnenden 17. Jahrhundert.\",\"breadcrumb\":{\"@id\":\"https:\/\/www.deibele.eu\/fotobuxtehude\/?page_id=582#breadcrumb\"},\"inLanguage\":\"de\",\"potentialAction\":[{\"@type\":\"ReadAction\",\"target\":[\"https:\/\/www.deibele.eu\/fotobuxtehude\/?page_id=582\"]}]},{\"@type\":\"BreadcrumbList\",\"@id\":\"https:\/\/www.deibele.eu\/fotobuxtehude\/?page_id=582#breadcrumb\",\"itemListElement\":[{\"@type\":\"ListItem\",\"position\":1,\"name\":\"Startseite\",\"item\":\"https:\/\/www.deibele.eu\/fotobuxtehude\/\"},{\"@type\":\"ListItem\",\"position\":2,\"name\":\"Viverstra\u00dfe\"}]},{\"@type\":\"WebSite\",\"@id\":\"https:\/\/www.deibele.eu\/fotobuxtehude\/#website\",\"url\":\"https:\/\/www.deibele.eu\/fotobuxtehude\/\",\"name\":\"Buxtehude Fotos\",\"description\":\"von Arnold Deibele\",\"potentialAction\":[{\"@type\":\"SearchAction\",\"target\":{\"@type\":\"EntryPoint\",\"urlTemplate\":\"https:\/\/www.deibele.eu\/fotobuxtehude\/?s={search_term_string}\"},\"query-input\":{\"@type\":\"PropertyValueSpecification\",\"valueRequired\":true,\"valueName\":\"search_term_string\"}}],\"inLanguage\":\"de\"}]}<\/script>\n<!-- \/ Yoast SEO plugin. -->","yoast_head_json":{"title":"Viverstra\u00dfe - Buxtehude Fotos","description":"Viverstra\u00dfe mit einem historischen Stadthaus - B\u00fcrgerliches Wohnhaus mit Fl\u00fcgelbau und Hinterhaus aus dem beginnenden 17. Jahrhundert.","robots":{"index":"index","follow":"follow","max-snippet":"max-snippet:-1","max-image-preview":"max-image-preview:large","max-video-preview":"max-video-preview:-1"},"canonical":"https:\/\/www.deibele.eu\/fotobuxtehude\/?page_id=582","og_locale":"de_DE","og_type":"article","og_title":"Viverstra\u00dfe - Buxtehude Fotos","og_description":"Viverstra\u00dfe mit einem historischen Stadthaus - B\u00fcrgerliches Wohnhaus mit Fl\u00fcgelbau und Hinterhaus aus dem beginnenden 17. Jahrhundert.","og_url":"https:\/\/www.deibele.eu\/fotobuxtehude\/?page_id=582","og_site_name":"Buxtehude Fotos","article_modified_time":"2025-04-06T15:49:58+00:00","twitter_card":"summary_large_image","twitter_misc":{"Gesch\u00e4tzte Lesezeit":"1\u00a0Minute"},"schema":{"@context":"https:\/\/schema.org","@graph":[{"@type":"WebPage","@id":"https:\/\/www.deibele.eu\/fotobuxtehude\/?page_id=582","url":"https:\/\/www.deibele.eu\/fotobuxtehude\/?page_id=582","name":"Viverstra\u00dfe - Buxtehude Fotos","isPartOf":{"@id":"https:\/\/www.deibele.eu\/fotobuxtehude\/#website"},"datePublished":"2017-03-22T17:39:42+00:00","dateModified":"2025-04-06T15:49:58+00:00","description":"Viverstra\u00dfe mit einem historischen Stadthaus - B\u00fcrgerliches Wohnhaus mit Fl\u00fcgelbau und Hinterhaus aus dem beginnenden 17. Jahrhundert.","breadcrumb":{"@id":"https:\/\/www.deibele.eu\/fotobuxtehude\/?page_id=582#breadcrumb"},"inLanguage":"de","potentialAction":[{"@type":"ReadAction","target":["https:\/\/www.deibele.eu\/fotobuxtehude\/?page_id=582"]}]},{"@type":"BreadcrumbList","@id":"https:\/\/www.deibele.eu\/fotobuxtehude\/?page_id=582#breadcrumb","itemListElement":[{"@type":"ListItem","position":1,"name":"Startseite","item":"https:\/\/www.deibele.eu\/fotobuxtehude\/"},{"@type":"ListItem","position":2,"name":"Viverstra\u00dfe"}]},{"@type":"WebSite","@id":"https:\/\/www.deibele.eu\/fotobuxtehude\/#website","url":"https:\/\/www.deibele.eu\/fotobuxtehude\/","name":"Buxtehude Fotos","description":"von Arnold Deibele","potentialAction":[{"@type":"SearchAction","target":{"@type":"EntryPoint","urlTemplate":"https:\/\/www.deibele.eu\/fotobuxtehude\/?s={search_term_string}"},"query-input":{"@type":"PropertyValueSpecification","valueRequired":true,"valueName":"search_term_string"}}],"inLanguage":"de"}]}},"_links":{"self":[{"href":"https:\/\/www.deibele.eu\/fotobuxtehude\/index.php?rest_route=\/wp\/v2\/pages\/582","targetHints":{"allow":["GET"]}}],"collection":[{"href":"https:\/\/www.deibele.eu\/fotobuxtehude\/index.php?rest_route=\/wp\/v2\/pages"}],"about":[{"href":"https:\/\/www.deibele.eu\/fotobuxtehude\/index.php?rest_route=\/wp\/v2\/types\/page"}],"author":[{"embeddable":true,"href":"https:\/\/www.deibele.eu\/fotobuxtehude\/index.php?rest_route=\/wp\/v2\/users\/1"}],"replies":[{"embeddable":true,"href":"https:\/\/www.deibele.eu\/fotobuxtehude\/index.php?rest_route=%2Fwp%2Fv2%2Fcomments&post=582"}],"version-history":[{"count":7,"href":"https:\/\/www.deibele.eu\/fotobuxtehude\/index.php?rest_route=\/wp\/v2\/pages\/582\/revisions"}],"predecessor-version":[{"id":7344,"href":"https:\/\/www.deibele.eu\/fotobuxtehude\/index.php?rest_route=\/wp\/v2\/pages\/582\/revisions\/7344"}],"wp:attachment":[{"href":"https:\/\/www.deibele.eu\/fotobuxtehude\/index.php?rest_route=%2Fwp%2Fv2%2Fmedia&parent=582"}],"curies":[{"name":"wp","href":"https:\/\/api.w.org\/{rel}","templated":true}]}}