{"id":544,"date":"2017-03-22T18:31:44","date_gmt":"2017-03-22T17:31:44","guid":{"rendered":"http:\/\/www.deibele.eu\/fotobuxtehude\/?page_id=544"},"modified":"2017-05-05T11:35:42","modified_gmt":"2017-05-05T09:35:42","slug":"ritterstrasse","status":"publish","type":"page","link":"https:\/\/www.deibele.eu\/fotobuxtehude\/?page_id=544","title":{"rendered":"Ritterstra\u00dfe"},"content":{"rendered":"<table border=\"0\" cellpadding=\"1\" cellspacing=\"1\" style=\"width: 100%;\">\n<tbody>\n<tr>\n<td style=\"width: 25%;\">\n\t\t\t\t<strong>Querverweise:<\/strong>\n\t\t\t<\/td>\n<td style=\"width: 25%;\">\n\t\t\t\t<a href=\"http:\/\/www.deibele.eu\/fotobuxtehude\/kaehler-villa\/\">K&auml;hler-Villa<\/a>\n\t\t\t<\/td>\n<td style=\"width: 25%;\">\n\t\t\t\t<a href=\"http:\/\/www.deibele.eu\/fotobuxtehude\/flethmuehle\/\">Flethm&uuml;hle<\/a>\n\t\t\t<\/td>\n<td style=\"width: 25%;\">\n\t\t\t\t&nbsp;\n\t\t\t<\/td>\n<\/tr>\n<tr>\n<td style=\"width: 25%;\">\n\t\t\t\t&nbsp;\n\t\t\t<\/td>\n<td style=\"width: 25%;\">\n\t\t\t\t&nbsp;\n\t\t\t<\/td>\n<td style=\"width: 25%;\">\n\t\t\t\t&nbsp;\n\t\t\t<\/td>\n<td style=\"width: 25%;\">\n\t\t\t\t&nbsp;\n\t\t\t<\/td>\n<\/tr>\n<tr>\n<td style=\"width: 25%;\">\n\t\t\t\t&nbsp;\n\t\t\t<\/td>\n<td style=\"width: 25%;\">\n\t\t\t\t&nbsp;\n\t\t\t<\/td>\n<td style=\"width: 25%;\">\n\t\t\t\t&nbsp;\n\t\t\t<\/td>\n<td style=\"width: 25%;\">\n\t\t\t\t&nbsp;\n\t\t\t<\/td>\n<\/tr>\n<\/tbody>\n<\/table>\n<p>\n\tRitterstra&szlig;e mit Flethm&uuml;hle und K&auml;hlervilla<br \/>\n\tngg_shortcode_0_placeholder<\/p>\n","protected":false},"excerpt":{"rendered":"<p>Querverweise: K&auml;hler-Villa Flethm&uuml;hle &nbsp; &nbsp; &nbsp; &nbsp; &nbsp; &nbsp; &nbsp; &nbsp; &nbsp; Ritterstra&szlig;e mit Flethm&uuml;hle und K&auml;hlervilla<\/p>\n","protected":false},"author":1,"featured_media":0,"parent":0,"menu_order":0,"comment_status":"closed","ping_status":"closed","template":"","meta":{"ngg_post_thumbnail":0,"footnotes":""},"class_list":["post-544","page","type-page","status-publish","hentry"],"yoast_head":"<!-- This site is optimized with the Yoast SEO plugin v24.8.1 - https:\/\/yoast.com\/wordpress\/plugins\/seo\/ -->\n<title>Ritterstra\u00dfe - Buxtehude Fotos<\/title>\n<meta name=\"description\" content=\"Ritterstra\u00dfe mit Flethm\u00fchle und K\u00e4hlervilla\" \/>\n<meta name=\"robots\" content=\"index, follow, max-snippet:-1, max-image-preview:large, max-video-preview:-1\" \/>\n<link rel=\"canonical\" href=\"https:\/\/www.deibele.eu\/fotobuxtehude\/?page_id=544\" \/>\n<meta property=\"og:locale\" content=\"de_DE\" \/>\n<meta property=\"og:type\" content=\"article\" \/>\n<meta property=\"og:title\" content=\"Ritterstra\u00dfe - Buxtehude Fotos\" \/>\n<meta property=\"og:description\" content=\"Ritterstra\u00dfe mit Flethm\u00fchle und K\u00e4hlervilla\" \/>\n<meta property=\"og:url\" content=\"https:\/\/www.deibele.eu\/fotobuxtehude\/?page_id=544\" \/>\n<meta property=\"og:site_name\" content=\"Buxtehude Fotos\" \/>\n<meta property=\"article:modified_time\" content=\"2017-05-05T09:35:42+00:00\" \/>\n<meta name=\"twitter:card\" content=\"summary_large_image\" \/>\n<script type=\"application\/ld+json\" class=\"yoast-schema-graph\">{\"@context\":\"https:\/\/schema.org\",\"@graph\":[{\"@type\":\"WebPage\",\"@id\":\"https:\/\/www.deibele.eu\/fotobuxtehude\/?page_id=544\",\"url\":\"https:\/\/www.deibele.eu\/fotobuxtehude\/?page_id=544\",\"name\":\"Ritterstra\u00dfe - Buxtehude Fotos\",\"isPartOf\":{\"@id\":\"https:\/\/www.deibele.eu\/fotobuxtehude\/#website\"},\"datePublished\":\"2017-03-22T17:31:44+00:00\",\"dateModified\":\"2017-05-05T09:35:42+00:00\",\"description\":\"Ritterstra\u00dfe mit Flethm\u00fchle und K\u00e4hlervilla\",\"breadcrumb\":{\"@id\":\"https:\/\/www.deibele.eu\/fotobuxtehude\/?page_id=544#breadcrumb\"},\"inLanguage\":\"de\",\"potentialAction\":[{\"@type\":\"ReadAction\",\"target\":[\"https:\/\/www.deibele.eu\/fotobuxtehude\/?page_id=544\"]}]},{\"@type\":\"BreadcrumbList\",\"@id\":\"https:\/\/www.deibele.eu\/fotobuxtehude\/?page_id=544#breadcrumb\",\"itemListElement\":[{\"@type\":\"ListItem\",\"position\":1,\"name\":\"Startseite\",\"item\":\"https:\/\/www.deibele.eu\/fotobuxtehude\/\"},{\"@type\":\"ListItem\",\"position\":2,\"name\":\"Ritterstra\u00dfe\"}]},{\"@type\":\"WebSite\",\"@id\":\"https:\/\/www.deibele.eu\/fotobuxtehude\/#website\",\"url\":\"https:\/\/www.deibele.eu\/fotobuxtehude\/\",\"name\":\"Buxtehude Fotos\",\"description\":\"von Arnold Deibele\",\"potentialAction\":[{\"@type\":\"SearchAction\",\"target\":{\"@type\":\"EntryPoint\",\"urlTemplate\":\"https:\/\/www.deibele.eu\/fotobuxtehude\/?s={search_term_string}\"},\"query-input\":{\"@type\":\"PropertyValueSpecification\",\"valueRequired\":true,\"valueName\":\"search_term_string\"}}],\"inLanguage\":\"de\"}]}<\/script>\n<!-- \/ Yoast SEO plugin. -->","yoast_head_json":{"title":"Ritterstra\u00dfe - Buxtehude Fotos","description":"Ritterstra\u00dfe mit Flethm\u00fchle und K\u00e4hlervilla","robots":{"index":"index","follow":"follow","max-snippet":"max-snippet:-1","max-image-preview":"max-image-preview:large","max-video-preview":"max-video-preview:-1"},"canonical":"https:\/\/www.deibele.eu\/fotobuxtehude\/?page_id=544","og_locale":"de_DE","og_type":"article","og_title":"Ritterstra\u00dfe - Buxtehude Fotos","og_description":"Ritterstra\u00dfe mit Flethm\u00fchle und K\u00e4hlervilla","og_url":"https:\/\/www.deibele.eu\/fotobuxtehude\/?page_id=544","og_site_name":"Buxtehude Fotos","article_modified_time":"2017-05-05T09:35:42+00:00","twitter_card":"summary_large_image","schema":{"@context":"https:\/\/schema.org","@graph":[{"@type":"WebPage","@id":"https:\/\/www.deibele.eu\/fotobuxtehude\/?page_id=544","url":"https:\/\/www.deibele.eu\/fotobuxtehude\/?page_id=544","name":"Ritterstra\u00dfe - Buxtehude Fotos","isPartOf":{"@id":"https:\/\/www.deibele.eu\/fotobuxtehude\/#website"},"datePublished":"2017-03-22T17:31:44+00:00","dateModified":"2017-05-05T09:35:42+00:00","description":"Ritterstra\u00dfe mit Flethm\u00fchle und K\u00e4hlervilla","breadcrumb":{"@id":"https:\/\/www.deibele.eu\/fotobuxtehude\/?page_id=544#breadcrumb"},"inLanguage":"de","potentialAction":[{"@type":"ReadAction","target":["https:\/\/www.deibele.eu\/fotobuxtehude\/?page_id=544"]}]},{"@type":"BreadcrumbList","@id":"https:\/\/www.deibele.eu\/fotobuxtehude\/?page_id=544#breadcrumb","itemListElement":[{"@type":"ListItem","position":1,"name":"Startseite","item":"https:\/\/www.deibele.eu\/fotobuxtehude\/"},{"@type":"ListItem","position":2,"name":"Ritterstra\u00dfe"}]},{"@type":"WebSite","@id":"https:\/\/www.deibele.eu\/fotobuxtehude\/#website","url":"https:\/\/www.deibele.eu\/fotobuxtehude\/","name":"Buxtehude Fotos","description":"von Arnold Deibele","potentialAction":[{"@type":"SearchAction","target":{"@type":"EntryPoint","urlTemplate":"https:\/\/www.deibele.eu\/fotobuxtehude\/?s={search_term_string}"},"query-input":{"@type":"PropertyValueSpecification","valueRequired":true,"valueName":"search_term_string"}}],"inLanguage":"de"}]}},"_links":{"self":[{"href":"https:\/\/www.deibele.eu\/fotobuxtehude\/index.php?rest_route=\/wp\/v2\/pages\/544","targetHints":{"allow":["GET"]}}],"collection":[{"href":"https:\/\/www.deibele.eu\/fotobuxtehude\/index.php?rest_route=\/wp\/v2\/pages"}],"about":[{"href":"https:\/\/www.deibele.eu\/fotobuxtehude\/index.php?rest_route=\/wp\/v2\/types\/page"}],"author":[{"embeddable":true,"href":"https:\/\/www.deibele.eu\/fotobuxtehude\/index.php?rest_route=\/wp\/v2\/users\/1"}],"replies":[{"embeddable":true,"href":"https:\/\/www.deibele.eu\/fotobuxtehude\/index.php?rest_route=%2Fwp%2Fv2%2Fcomments&post=544"}],"version-history":[{"count":4,"href":"https:\/\/www.deibele.eu\/fotobuxtehude\/index.php?rest_route=\/wp\/v2\/pages\/544\/revisions"}],"predecessor-version":[{"id":5986,"href":"https:\/\/www.deibele.eu\/fotobuxtehude\/index.php?rest_route=\/wp\/v2\/pages\/544\/revisions\/5986"}],"wp:attachment":[{"href":"https:\/\/www.deibele.eu\/fotobuxtehude\/index.php?rest_route=%2Fwp%2Fv2%2Fmedia&parent=544"}],"curies":[{"name":"wp","href":"https:\/\/api.w.org\/{rel}","templated":true}]}}