{"id":532,"date":"2017-03-22T18:29:01","date_gmt":"2017-03-22T17:29:01","guid":{"rendered":"http:\/\/www.deibele.eu\/fotobuxtehude\/?page_id=532"},"modified":"2017-05-04T19:36:40","modified_gmt":"2017-05-04T17:36:40","slug":"ovelgoenner-wassermuehle","status":"publish","type":"page","link":"https:\/\/www.deibele.eu\/fotobuxtehude\/?page_id=532","title":{"rendered":"Ovelg\u00f6nner Wasserm\u00fchle"},"content":{"rendered":"<p>\n\t<strong>1674<\/strong> Meister Detlef Schwar errichtete die Wasserm&uuml;hle in Ovelg&ouml;nne am Ketzenbeek; ein bereits vorhandener gestauter Fischteich diente als M&uuml;hlenteich. \/ <strong>1984<\/strong> Der Rat der Stadt Buxtehude beschloss den Ankauf der Ovelg&ouml;nner Wasserm&uuml;hle. \/ <strong>1986<\/strong> Die Ovelg&ouml;nner Wasserm&uuml;hle wurde saniert und der &Ouml;ffentlichkeit als Dorfgemeinschaftshaus sowie als Kulturdenkmal zug&auml;nglich gemacht.<br \/>\n\tngg_shortcode_0_placeholder<\/p>\n","protected":false},"excerpt":{"rendered":"<p>1674 Meister Detlef Schwar errichtete die Wasserm&uuml;hle in Ovelg&ouml;nne am Ketzenbeek; ein bereits vorhandener gestauter Fischteich diente als M&uuml;hlenteich. \/ 1984 Der Rat der Stadt Buxtehude beschloss den Ankauf der Ovelg&ouml;nner Wasserm&uuml;hle. \/ 1986 Die Ovelg&ouml;nner Wasserm&uuml;hle wurde saniert und der &Ouml;ffentlichkeit als Dorfgemeinschaftshaus sowie als Kulturdenkmal zug&auml;nglich gemacht.<\/p>\n","protected":false},"author":1,"featured_media":0,"parent":0,"menu_order":0,"comment_status":"closed","ping_status":"closed","template":"","meta":{"ngg_post_thumbnail":0,"footnotes":""},"class_list":["post-532","page","type-page","status-publish","hentry"],"yoast_head":"<!-- This site is optimized with the Yoast SEO plugin v24.8.1 - https:\/\/yoast.com\/wordpress\/plugins\/seo\/ -->\n<title>Ovelg\u00f6nner Wasserm\u00fchle - Buxtehude Fotos<\/title>\n<meta name=\"description\" content=\"1674 errichtet in Ovelg\u00f6nne am Ketzenbeek, 1984 Ankauf der Ovelg\u00f6nner Wasserm\u00fchle durch die Stadt Buxtehude, 1986 Die Ovelg\u00f6nner Wasserm\u00fchle wird saniert\" \/>\n<meta name=\"robots\" content=\"index, follow, max-snippet:-1, max-image-preview:large, max-video-preview:-1\" \/>\n<link rel=\"canonical\" href=\"https:\/\/www.deibele.eu\/fotobuxtehude\/?page_id=532\" \/>\n<meta property=\"og:locale\" content=\"de_DE\" \/>\n<meta property=\"og:type\" content=\"article\" \/>\n<meta property=\"og:title\" content=\"Ovelg\u00f6nner Wasserm\u00fchle - Buxtehude Fotos\" \/>\n<meta property=\"og:description\" content=\"1674 errichtet in Ovelg\u00f6nne am Ketzenbeek, 1984 Ankauf der Ovelg\u00f6nner Wasserm\u00fchle durch die Stadt Buxtehude, 1986 Die Ovelg\u00f6nner Wasserm\u00fchle wird saniert\" \/>\n<meta property=\"og:url\" content=\"https:\/\/www.deibele.eu\/fotobuxtehude\/?page_id=532\" \/>\n<meta property=\"og:site_name\" content=\"Buxtehude Fotos\" \/>\n<meta property=\"article:modified_time\" content=\"2017-05-04T17:36:40+00:00\" \/>\n<meta name=\"twitter:card\" content=\"summary_large_image\" \/>\n<script type=\"application\/ld+json\" class=\"yoast-schema-graph\">{\"@context\":\"https:\/\/schema.org\",\"@graph\":[{\"@type\":\"WebPage\",\"@id\":\"https:\/\/www.deibele.eu\/fotobuxtehude\/?page_id=532\",\"url\":\"https:\/\/www.deibele.eu\/fotobuxtehude\/?page_id=532\",\"name\":\"Ovelg\u00f6nner Wasserm\u00fchle - Buxtehude Fotos\",\"isPartOf\":{\"@id\":\"https:\/\/www.deibele.eu\/fotobuxtehude\/#website\"},\"datePublished\":\"2017-03-22T17:29:01+00:00\",\"dateModified\":\"2017-05-04T17:36:40+00:00\",\"description\":\"1674 errichtet in Ovelg\u00f6nne am Ketzenbeek, 1984 Ankauf der Ovelg\u00f6nner Wasserm\u00fchle durch die Stadt Buxtehude, 1986 Die Ovelg\u00f6nner Wasserm\u00fchle wird saniert\",\"breadcrumb\":{\"@id\":\"https:\/\/www.deibele.eu\/fotobuxtehude\/?page_id=532#breadcrumb\"},\"inLanguage\":\"de\",\"potentialAction\":[{\"@type\":\"ReadAction\",\"target\":[\"https:\/\/www.deibele.eu\/fotobuxtehude\/?page_id=532\"]}]},{\"@type\":\"BreadcrumbList\",\"@id\":\"https:\/\/www.deibele.eu\/fotobuxtehude\/?page_id=532#breadcrumb\",\"itemListElement\":[{\"@type\":\"ListItem\",\"position\":1,\"name\":\"Startseite\",\"item\":\"https:\/\/www.deibele.eu\/fotobuxtehude\/\"},{\"@type\":\"ListItem\",\"position\":2,\"name\":\"Ovelg\u00f6nner Wasserm\u00fchle\"}]},{\"@type\":\"WebSite\",\"@id\":\"https:\/\/www.deibele.eu\/fotobuxtehude\/#website\",\"url\":\"https:\/\/www.deibele.eu\/fotobuxtehude\/\",\"name\":\"Buxtehude Fotos\",\"description\":\"von Arnold Deibele\",\"potentialAction\":[{\"@type\":\"SearchAction\",\"target\":{\"@type\":\"EntryPoint\",\"urlTemplate\":\"https:\/\/www.deibele.eu\/fotobuxtehude\/?s={search_term_string}\"},\"query-input\":{\"@type\":\"PropertyValueSpecification\",\"valueRequired\":true,\"valueName\":\"search_term_string\"}}],\"inLanguage\":\"de\"}]}<\/script>\n<!-- \/ Yoast SEO plugin. -->","yoast_head_json":{"title":"Ovelg\u00f6nner Wasserm\u00fchle - Buxtehude Fotos","description":"1674 errichtet in Ovelg\u00f6nne am Ketzenbeek, 1984 Ankauf der Ovelg\u00f6nner Wasserm\u00fchle durch die Stadt Buxtehude, 1986 Die Ovelg\u00f6nner Wasserm\u00fchle wird saniert","robots":{"index":"index","follow":"follow","max-snippet":"max-snippet:-1","max-image-preview":"max-image-preview:large","max-video-preview":"max-video-preview:-1"},"canonical":"https:\/\/www.deibele.eu\/fotobuxtehude\/?page_id=532","og_locale":"de_DE","og_type":"article","og_title":"Ovelg\u00f6nner Wasserm\u00fchle - Buxtehude Fotos","og_description":"1674 errichtet in Ovelg\u00f6nne am Ketzenbeek, 1984 Ankauf der Ovelg\u00f6nner Wasserm\u00fchle durch die Stadt Buxtehude, 1986 Die Ovelg\u00f6nner Wasserm\u00fchle wird saniert","og_url":"https:\/\/www.deibele.eu\/fotobuxtehude\/?page_id=532","og_site_name":"Buxtehude Fotos","article_modified_time":"2017-05-04T17:36:40+00:00","twitter_card":"summary_large_image","schema":{"@context":"https:\/\/schema.org","@graph":[{"@type":"WebPage","@id":"https:\/\/www.deibele.eu\/fotobuxtehude\/?page_id=532","url":"https:\/\/www.deibele.eu\/fotobuxtehude\/?page_id=532","name":"Ovelg\u00f6nner Wasserm\u00fchle - Buxtehude Fotos","isPartOf":{"@id":"https:\/\/www.deibele.eu\/fotobuxtehude\/#website"},"datePublished":"2017-03-22T17:29:01+00:00","dateModified":"2017-05-04T17:36:40+00:00","description":"1674 errichtet in Ovelg\u00f6nne am Ketzenbeek, 1984 Ankauf der Ovelg\u00f6nner Wasserm\u00fchle durch die Stadt Buxtehude, 1986 Die Ovelg\u00f6nner Wasserm\u00fchle wird saniert","breadcrumb":{"@id":"https:\/\/www.deibele.eu\/fotobuxtehude\/?page_id=532#breadcrumb"},"inLanguage":"de","potentialAction":[{"@type":"ReadAction","target":["https:\/\/www.deibele.eu\/fotobuxtehude\/?page_id=532"]}]},{"@type":"BreadcrumbList","@id":"https:\/\/www.deibele.eu\/fotobuxtehude\/?page_id=532#breadcrumb","itemListElement":[{"@type":"ListItem","position":1,"name":"Startseite","item":"https:\/\/www.deibele.eu\/fotobuxtehude\/"},{"@type":"ListItem","position":2,"name":"Ovelg\u00f6nner Wasserm\u00fchle"}]},{"@type":"WebSite","@id":"https:\/\/www.deibele.eu\/fotobuxtehude\/#website","url":"https:\/\/www.deibele.eu\/fotobuxtehude\/","name":"Buxtehude Fotos","description":"von Arnold Deibele","potentialAction":[{"@type":"SearchAction","target":{"@type":"EntryPoint","urlTemplate":"https:\/\/www.deibele.eu\/fotobuxtehude\/?s={search_term_string}"},"query-input":{"@type":"PropertyValueSpecification","valueRequired":true,"valueName":"search_term_string"}}],"inLanguage":"de"}]}},"_links":{"self":[{"href":"https:\/\/www.deibele.eu\/fotobuxtehude\/index.php?rest_route=\/wp\/v2\/pages\/532","targetHints":{"allow":["GET"]}}],"collection":[{"href":"https:\/\/www.deibele.eu\/fotobuxtehude\/index.php?rest_route=\/wp\/v2\/pages"}],"about":[{"href":"https:\/\/www.deibele.eu\/fotobuxtehude\/index.php?rest_route=\/wp\/v2\/types\/page"}],"author":[{"embeddable":true,"href":"https:\/\/www.deibele.eu\/fotobuxtehude\/index.php?rest_route=\/wp\/v2\/users\/1"}],"replies":[{"embeddable":true,"href":"https:\/\/www.deibele.eu\/fotobuxtehude\/index.php?rest_route=%2Fwp%2Fv2%2Fcomments&post=532"}],"version-history":[{"count":4,"href":"https:\/\/www.deibele.eu\/fotobuxtehude\/index.php?rest_route=\/wp\/v2\/pages\/532\/revisions"}],"predecessor-version":[{"id":5980,"href":"https:\/\/www.deibele.eu\/fotobuxtehude\/index.php?rest_route=\/wp\/v2\/pages\/532\/revisions\/5980"}],"wp:attachment":[{"href":"https:\/\/www.deibele.eu\/fotobuxtehude\/index.php?rest_route=%2Fwp%2Fv2%2Fmedia&parent=532"}],"curies":[{"name":"wp","href":"https:\/\/api.w.org\/{rel}","templated":true}]}}