{"id":494,"date":"2017-03-22T18:17:51","date_gmt":"2017-03-22T17:17:51","guid":{"rendered":"http:\/\/www.deibele.eu\/fotobuxtehude\/?page_id=494"},"modified":"2017-05-03T11:49:49","modified_gmt":"2017-05-03T09:49:49","slug":"kunstinsel","status":"publish","type":"page","link":"https:\/\/www.deibele.eu\/fotobuxtehude\/?page_id=494","title":{"rendered":"Kunstinsel"},"content":{"rendered":"<table border=\"0\" cellpadding=\"1\" cellspacing=\"1\" style=\"width: 100%;\">\n<tbody>\n<tr>\n<td style=\"width: 25%;\">\n\t\t\t\t<strong>Querverweise:<\/strong>\n\t\t\t<\/td>\n<td style=\"width: 25%;\">\n\t\t\t\t<a href=\"http:\/\/www.deibele.eu\/fotobuxtehude\/?page_id=245\">Drei Stelen<\/a>\n\t\t\t<\/td>\n<td style=\"width: 25%;\">\n\t\t\t\t<a href=\"http:\/\/www.deibele.eu\/fotobuxtehude\/?page_id=439\">Figur 1000<\/a>\n\t\t\t<\/td>\n<td style=\"width: 25%;\">\n\t\t\t\t<a href=\"http:\/\/www.deibele.eu\/fotobuxtehude\/?page_id=396\">K&auml;hler-Villa<\/a>\n\t\t\t<\/td>\n<\/tr>\n<tr>\n<td style=\"width: 25%;\">\n\t\t\t\tKunstinsel\n\t\t\t<\/td>\n<td style=\"width: 25%;\">\n\t\t\t\t<a href=\"http:\/\/www.deibele.eu\/fotobuxtehude\/?page_id=568\">Stadtpark<\/a>\n\t\t\t<\/td>\n<td style=\"width: 25%;\">\n\t\t\t\t<a href=\"http:\/\/www.deibele.eu\/fotobuxtehude\/?page_id=574\">Sterbender Krieger<\/a>\n\t\t\t<\/td>\n<td style=\"width: 25%;\">\n\t\t\t\t&nbsp;\n\t\t\t<\/td>\n<\/tr>\n<tr>\n<td style=\"width: 25%;\">\n\t\t\t\t&nbsp;\n\t\t\t<\/td>\n<td style=\"width: 25%;\">\n\t\t\t\t&nbsp;\n\t\t\t<\/td>\n<td style=\"width: 25%;\">\n\t\t\t\t&nbsp;\n\t\t\t<\/td>\n<td style=\"width: 25%;\">\n\t\t\t\t&nbsp;\n\t\t\t<\/td>\n<\/tr>\n<\/tbody>\n<\/table>\n<p>\n\tSchwimmende Kunst auf der Este &#8211; Der K&uuml;nstler J&uuml;rgen Rohde aus Buxtehude hatte die Idee, Kunst und K&uuml;nstlern in Buxtehude eine Plattform auf dem Wasser zu geben, eine so genannte Kunstinsel zu schaffen. Gemeinsam mit dem Kulturb&uuml;ro sollen mit Unterst&uuml;tzung der Sparkasse Harburg-Buxtehude K&uuml;nstler die &quot;Insel&quot; nach eigenen Vorstellungen gestalten d&uuml;rfen.<br \/>\n\tngg_shortcode_0_placeholder<\/p>\n","protected":false},"excerpt":{"rendered":"<p>Querverweise: Drei Stelen Figur 1000 K&auml;hler-Villa Kunstinsel Stadtpark Sterbender Krieger &nbsp; &nbsp; &nbsp; &nbsp; &nbsp; Schwimmende Kunst auf der Este &#8211; Der K&uuml;nstler J&uuml;rgen Rohde aus Buxtehude hatte die Idee, Kunst und K&uuml;nstlern in Buxtehude eine Plattform auf dem Wasser zu geben, eine so genannte Kunstinsel zu schaffen. Gemeinsam mit dem Kulturb&uuml;ro sollen mit Unterst&uuml;tzung [&hellip;]<\/p>\n","protected":false},"author":1,"featured_media":0,"parent":0,"menu_order":0,"comment_status":"closed","ping_status":"closed","template":"","meta":{"ngg_post_thumbnail":0,"footnotes":""},"class_list":["post-494","page","type-page","status-publish","hentry"],"yoast_head":"<!-- This site is optimized with the Yoast SEO plugin v24.8.1 - https:\/\/yoast.com\/wordpress\/plugins\/seo\/ -->\n<title>Kunstinsel - Buxtehude Fotos<\/title>\n<meta name=\"description\" content=\"Der K\u00fcnstler J\u00fcrgen Rohde hatte die Idee, K\u00fcnstlern in Buxtehude eine Plattform auf dem Wasser zu geben, eine so genannte Kunstinsel zu schaffen.\" \/>\n<meta name=\"robots\" content=\"index, follow, max-snippet:-1, max-image-preview:large, max-video-preview:-1\" \/>\n<link rel=\"canonical\" href=\"https:\/\/www.deibele.eu\/fotobuxtehude\/?page_id=494\" \/>\n<meta property=\"og:locale\" content=\"de_DE\" \/>\n<meta property=\"og:type\" content=\"article\" \/>\n<meta property=\"og:title\" content=\"Kunstinsel - Buxtehude Fotos\" \/>\n<meta property=\"og:description\" content=\"Der K\u00fcnstler J\u00fcrgen Rohde hatte die Idee, K\u00fcnstlern in Buxtehude eine Plattform auf dem Wasser zu geben, eine so genannte Kunstinsel zu schaffen.\" \/>\n<meta property=\"og:url\" content=\"https:\/\/www.deibele.eu\/fotobuxtehude\/?page_id=494\" \/>\n<meta property=\"og:site_name\" content=\"Buxtehude Fotos\" \/>\n<meta property=\"article:modified_time\" content=\"2017-05-03T09:49:49+00:00\" \/>\n<meta name=\"twitter:card\" content=\"summary_large_image\" \/>\n<script type=\"application\/ld+json\" class=\"yoast-schema-graph\">{\"@context\":\"https:\/\/schema.org\",\"@graph\":[{\"@type\":\"WebPage\",\"@id\":\"https:\/\/www.deibele.eu\/fotobuxtehude\/?page_id=494\",\"url\":\"https:\/\/www.deibele.eu\/fotobuxtehude\/?page_id=494\",\"name\":\"Kunstinsel - Buxtehude Fotos\",\"isPartOf\":{\"@id\":\"https:\/\/www.deibele.eu\/fotobuxtehude\/#website\"},\"datePublished\":\"2017-03-22T17:17:51+00:00\",\"dateModified\":\"2017-05-03T09:49:49+00:00\",\"description\":\"Der K\u00fcnstler J\u00fcrgen Rohde hatte die Idee, K\u00fcnstlern in Buxtehude eine Plattform auf dem Wasser zu geben, eine so genannte Kunstinsel zu schaffen.\",\"breadcrumb\":{\"@id\":\"https:\/\/www.deibele.eu\/fotobuxtehude\/?page_id=494#breadcrumb\"},\"inLanguage\":\"de\",\"potentialAction\":[{\"@type\":\"ReadAction\",\"target\":[\"https:\/\/www.deibele.eu\/fotobuxtehude\/?page_id=494\"]}]},{\"@type\":\"BreadcrumbList\",\"@id\":\"https:\/\/www.deibele.eu\/fotobuxtehude\/?page_id=494#breadcrumb\",\"itemListElement\":[{\"@type\":\"ListItem\",\"position\":1,\"name\":\"Startseite\",\"item\":\"https:\/\/www.deibele.eu\/fotobuxtehude\/\"},{\"@type\":\"ListItem\",\"position\":2,\"name\":\"Kunstinsel\"}]},{\"@type\":\"WebSite\",\"@id\":\"https:\/\/www.deibele.eu\/fotobuxtehude\/#website\",\"url\":\"https:\/\/www.deibele.eu\/fotobuxtehude\/\",\"name\":\"Buxtehude Fotos\",\"description\":\"von Arnold Deibele\",\"potentialAction\":[{\"@type\":\"SearchAction\",\"target\":{\"@type\":\"EntryPoint\",\"urlTemplate\":\"https:\/\/www.deibele.eu\/fotobuxtehude\/?s={search_term_string}\"},\"query-input\":{\"@type\":\"PropertyValueSpecification\",\"valueRequired\":true,\"valueName\":\"search_term_string\"}}],\"inLanguage\":\"de\"}]}<\/script>\n<!-- \/ Yoast SEO plugin. -->","yoast_head_json":{"title":"Kunstinsel - Buxtehude Fotos","description":"Der K\u00fcnstler J\u00fcrgen Rohde hatte die Idee, K\u00fcnstlern in Buxtehude eine Plattform auf dem Wasser zu geben, eine so genannte Kunstinsel zu schaffen.","robots":{"index":"index","follow":"follow","max-snippet":"max-snippet:-1","max-image-preview":"max-image-preview:large","max-video-preview":"max-video-preview:-1"},"canonical":"https:\/\/www.deibele.eu\/fotobuxtehude\/?page_id=494","og_locale":"de_DE","og_type":"article","og_title":"Kunstinsel - Buxtehude Fotos","og_description":"Der K\u00fcnstler J\u00fcrgen Rohde hatte die Idee, K\u00fcnstlern in Buxtehude eine Plattform auf dem Wasser zu geben, eine so genannte Kunstinsel zu schaffen.","og_url":"https:\/\/www.deibele.eu\/fotobuxtehude\/?page_id=494","og_site_name":"Buxtehude Fotos","article_modified_time":"2017-05-03T09:49:49+00:00","twitter_card":"summary_large_image","schema":{"@context":"https:\/\/schema.org","@graph":[{"@type":"WebPage","@id":"https:\/\/www.deibele.eu\/fotobuxtehude\/?page_id=494","url":"https:\/\/www.deibele.eu\/fotobuxtehude\/?page_id=494","name":"Kunstinsel - Buxtehude Fotos","isPartOf":{"@id":"https:\/\/www.deibele.eu\/fotobuxtehude\/#website"},"datePublished":"2017-03-22T17:17:51+00:00","dateModified":"2017-05-03T09:49:49+00:00","description":"Der K\u00fcnstler J\u00fcrgen Rohde hatte die Idee, K\u00fcnstlern in Buxtehude eine Plattform auf dem Wasser zu geben, eine so genannte Kunstinsel zu schaffen.","breadcrumb":{"@id":"https:\/\/www.deibele.eu\/fotobuxtehude\/?page_id=494#breadcrumb"},"inLanguage":"de","potentialAction":[{"@type":"ReadAction","target":["https:\/\/www.deibele.eu\/fotobuxtehude\/?page_id=494"]}]},{"@type":"BreadcrumbList","@id":"https:\/\/www.deibele.eu\/fotobuxtehude\/?page_id=494#breadcrumb","itemListElement":[{"@type":"ListItem","position":1,"name":"Startseite","item":"https:\/\/www.deibele.eu\/fotobuxtehude\/"},{"@type":"ListItem","position":2,"name":"Kunstinsel"}]},{"@type":"WebSite","@id":"https:\/\/www.deibele.eu\/fotobuxtehude\/#website","url":"https:\/\/www.deibele.eu\/fotobuxtehude\/","name":"Buxtehude Fotos","description":"von Arnold Deibele","potentialAction":[{"@type":"SearchAction","target":{"@type":"EntryPoint","urlTemplate":"https:\/\/www.deibele.eu\/fotobuxtehude\/?s={search_term_string}"},"query-input":{"@type":"PropertyValueSpecification","valueRequired":true,"valueName":"search_term_string"}}],"inLanguage":"de"}]}},"_links":{"self":[{"href":"https:\/\/www.deibele.eu\/fotobuxtehude\/index.php?rest_route=\/wp\/v2\/pages\/494","targetHints":{"allow":["GET"]}}],"collection":[{"href":"https:\/\/www.deibele.eu\/fotobuxtehude\/index.php?rest_route=\/wp\/v2\/pages"}],"about":[{"href":"https:\/\/www.deibele.eu\/fotobuxtehude\/index.php?rest_route=\/wp\/v2\/types\/page"}],"author":[{"embeddable":true,"href":"https:\/\/www.deibele.eu\/fotobuxtehude\/index.php?rest_route=\/wp\/v2\/users\/1"}],"replies":[{"embeddable":true,"href":"https:\/\/www.deibele.eu\/fotobuxtehude\/index.php?rest_route=%2Fwp%2Fv2%2Fcomments&post=494"}],"version-history":[{"count":4,"href":"https:\/\/www.deibele.eu\/fotobuxtehude\/index.php?rest_route=\/wp\/v2\/pages\/494\/revisions"}],"predecessor-version":[{"id":5924,"href":"https:\/\/www.deibele.eu\/fotobuxtehude\/index.php?rest_route=\/wp\/v2\/pages\/494\/revisions\/5924"}],"wp:attachment":[{"href":"https:\/\/www.deibele.eu\/fotobuxtehude\/index.php?rest_route=%2Fwp%2Fv2%2Fmedia&parent=494"}],"curies":[{"name":"wp","href":"https:\/\/api.w.org\/{rel}","templated":true}]}}