{"id":480,"date":"2017-03-22T18:15:01","date_gmt":"2017-03-22T17:15:01","guid":{"rendered":"http:\/\/www.deibele.eu\/fotobuxtehude\/?page_id=480"},"modified":"2017-05-01T23:44:01","modified_gmt":"2017-05-01T21:44:01","slug":"kattau-muehle","status":"publish","type":"page","link":"https:\/\/www.deibele.eu\/fotobuxtehude\/?page_id=480","title":{"rendered":"Kattau-M\u00fchle"},"content":{"rendered":"<p>\n\tDie Kattau-M&uuml;hle an der schiffbaren Este wurde 1913\/1914 vom Kaufmann und Senator Wilhelm Matthies als Dampfm&uuml;hle mit Getreidesilo erbaut und in den 1920er-Jahren elektrifiziert. Mitte des vergangenen Jahrhunderts war sie unter anderem Lagerhaus und beherbergte von 1979 bis 2011 ein M&ouml;belhaus. Danach Umbau der Kattau-M&uuml;hle zu einem modernen Wohn- und Gesch&auml;ftshaus.<br \/>\n\tngg_shortcode_0_placeholder<\/p>\n","protected":false},"excerpt":{"rendered":"<p>Die Kattau-M&uuml;hle an der schiffbaren Este wurde 1913\/1914 vom Kaufmann und Senator Wilhelm Matthies als Dampfm&uuml;hle mit Getreidesilo erbaut und in den 1920er-Jahren elektrifiziert. Mitte des vergangenen Jahrhunderts war sie unter anderem Lagerhaus und beherbergte von 1979 bis 2011 ein M&ouml;belhaus. Danach Umbau der Kattau-M&uuml;hle zu einem modernen Wohn- und Gesch&auml;ftshaus.<\/p>\n","protected":false},"author":1,"featured_media":0,"parent":0,"menu_order":0,"comment_status":"closed","ping_status":"closed","template":"","meta":{"ngg_post_thumbnail":0,"footnotes":""},"class_list":["post-480","page","type-page","status-publish","hentry"],"yoast_head":"<!-- This site is optimized with the Yoast SEO plugin v24.8.1 - https:\/\/yoast.com\/wordpress\/plugins\/seo\/ -->\n<title>Kattau-M\u00fchle - Buxtehude Fotos<\/title>\n<meta name=\"description\" content=\"Die Kattau-M\u00fchle wurde 1913\/1914 als Dampfm\u00fchle mit Getreidesilo erbaut. Mitte des 20. Jh. u.a. Lagerhaus, 1979-2011 M\u00f6belhaus, dann Wohn- und Gesch\u00e4ftshaus\" \/>\n<meta name=\"robots\" content=\"index, follow, max-snippet:-1, max-image-preview:large, max-video-preview:-1\" \/>\n<link rel=\"canonical\" href=\"https:\/\/www.deibele.eu\/fotobuxtehude\/?page_id=480\" \/>\n<meta property=\"og:locale\" content=\"de_DE\" \/>\n<meta property=\"og:type\" content=\"article\" \/>\n<meta property=\"og:title\" content=\"Kattau-M\u00fchle - Buxtehude Fotos\" \/>\n<meta property=\"og:description\" content=\"Die Kattau-M\u00fchle wurde 1913\/1914 als Dampfm\u00fchle mit Getreidesilo erbaut. Mitte des 20. Jh. u.a. Lagerhaus, 1979-2011 M\u00f6belhaus, dann Wohn- und Gesch\u00e4ftshaus\" \/>\n<meta property=\"og:url\" content=\"https:\/\/www.deibele.eu\/fotobuxtehude\/?page_id=480\" \/>\n<meta property=\"og:site_name\" content=\"Buxtehude Fotos\" \/>\n<meta property=\"article:modified_time\" content=\"2017-05-01T21:44:01+00:00\" \/>\n<meta name=\"twitter:card\" content=\"summary_large_image\" \/>\n<script type=\"application\/ld+json\" class=\"yoast-schema-graph\">{\"@context\":\"https:\/\/schema.org\",\"@graph\":[{\"@type\":\"WebPage\",\"@id\":\"https:\/\/www.deibele.eu\/fotobuxtehude\/?page_id=480\",\"url\":\"https:\/\/www.deibele.eu\/fotobuxtehude\/?page_id=480\",\"name\":\"Kattau-M\u00fchle - Buxtehude Fotos\",\"isPartOf\":{\"@id\":\"https:\/\/www.deibele.eu\/fotobuxtehude\/#website\"},\"datePublished\":\"2017-03-22T17:15:01+00:00\",\"dateModified\":\"2017-05-01T21:44:01+00:00\",\"description\":\"Die Kattau-M\u00fchle wurde 1913\/1914 als Dampfm\u00fchle mit Getreidesilo erbaut. Mitte des 20. Jh. u.a. Lagerhaus, 1979-2011 M\u00f6belhaus, dann Wohn- und Gesch\u00e4ftshaus\",\"breadcrumb\":{\"@id\":\"https:\/\/www.deibele.eu\/fotobuxtehude\/?page_id=480#breadcrumb\"},\"inLanguage\":\"de\",\"potentialAction\":[{\"@type\":\"ReadAction\",\"target\":[\"https:\/\/www.deibele.eu\/fotobuxtehude\/?page_id=480\"]}]},{\"@type\":\"BreadcrumbList\",\"@id\":\"https:\/\/www.deibele.eu\/fotobuxtehude\/?page_id=480#breadcrumb\",\"itemListElement\":[{\"@type\":\"ListItem\",\"position\":1,\"name\":\"Startseite\",\"item\":\"https:\/\/www.deibele.eu\/fotobuxtehude\/\"},{\"@type\":\"ListItem\",\"position\":2,\"name\":\"Kattau-M\u00fchle\"}]},{\"@type\":\"WebSite\",\"@id\":\"https:\/\/www.deibele.eu\/fotobuxtehude\/#website\",\"url\":\"https:\/\/www.deibele.eu\/fotobuxtehude\/\",\"name\":\"Buxtehude Fotos\",\"description\":\"von Arnold Deibele\",\"potentialAction\":[{\"@type\":\"SearchAction\",\"target\":{\"@type\":\"EntryPoint\",\"urlTemplate\":\"https:\/\/www.deibele.eu\/fotobuxtehude\/?s={search_term_string}\"},\"query-input\":{\"@type\":\"PropertyValueSpecification\",\"valueRequired\":true,\"valueName\":\"search_term_string\"}}],\"inLanguage\":\"de\"}]}<\/script>\n<!-- \/ Yoast SEO plugin. -->","yoast_head_json":{"title":"Kattau-M\u00fchle - Buxtehude Fotos","description":"Die Kattau-M\u00fchle wurde 1913\/1914 als Dampfm\u00fchle mit Getreidesilo erbaut. Mitte des 20. Jh. u.a. Lagerhaus, 1979-2011 M\u00f6belhaus, dann Wohn- und Gesch\u00e4ftshaus","robots":{"index":"index","follow":"follow","max-snippet":"max-snippet:-1","max-image-preview":"max-image-preview:large","max-video-preview":"max-video-preview:-1"},"canonical":"https:\/\/www.deibele.eu\/fotobuxtehude\/?page_id=480","og_locale":"de_DE","og_type":"article","og_title":"Kattau-M\u00fchle - Buxtehude Fotos","og_description":"Die Kattau-M\u00fchle wurde 1913\/1914 als Dampfm\u00fchle mit Getreidesilo erbaut. Mitte des 20. Jh. u.a. Lagerhaus, 1979-2011 M\u00f6belhaus, dann Wohn- und Gesch\u00e4ftshaus","og_url":"https:\/\/www.deibele.eu\/fotobuxtehude\/?page_id=480","og_site_name":"Buxtehude Fotos","article_modified_time":"2017-05-01T21:44:01+00:00","twitter_card":"summary_large_image","schema":{"@context":"https:\/\/schema.org","@graph":[{"@type":"WebPage","@id":"https:\/\/www.deibele.eu\/fotobuxtehude\/?page_id=480","url":"https:\/\/www.deibele.eu\/fotobuxtehude\/?page_id=480","name":"Kattau-M\u00fchle - Buxtehude Fotos","isPartOf":{"@id":"https:\/\/www.deibele.eu\/fotobuxtehude\/#website"},"datePublished":"2017-03-22T17:15:01+00:00","dateModified":"2017-05-01T21:44:01+00:00","description":"Die Kattau-M\u00fchle wurde 1913\/1914 als Dampfm\u00fchle mit Getreidesilo erbaut. Mitte des 20. Jh. u.a. Lagerhaus, 1979-2011 M\u00f6belhaus, dann Wohn- und Gesch\u00e4ftshaus","breadcrumb":{"@id":"https:\/\/www.deibele.eu\/fotobuxtehude\/?page_id=480#breadcrumb"},"inLanguage":"de","potentialAction":[{"@type":"ReadAction","target":["https:\/\/www.deibele.eu\/fotobuxtehude\/?page_id=480"]}]},{"@type":"BreadcrumbList","@id":"https:\/\/www.deibele.eu\/fotobuxtehude\/?page_id=480#breadcrumb","itemListElement":[{"@type":"ListItem","position":1,"name":"Startseite","item":"https:\/\/www.deibele.eu\/fotobuxtehude\/"},{"@type":"ListItem","position":2,"name":"Kattau-M\u00fchle"}]},{"@type":"WebSite","@id":"https:\/\/www.deibele.eu\/fotobuxtehude\/#website","url":"https:\/\/www.deibele.eu\/fotobuxtehude\/","name":"Buxtehude Fotos","description":"von Arnold Deibele","potentialAction":[{"@type":"SearchAction","target":{"@type":"EntryPoint","urlTemplate":"https:\/\/www.deibele.eu\/fotobuxtehude\/?s={search_term_string}"},"query-input":{"@type":"PropertyValueSpecification","valueRequired":true,"valueName":"search_term_string"}}],"inLanguage":"de"}]}},"_links":{"self":[{"href":"https:\/\/www.deibele.eu\/fotobuxtehude\/index.php?rest_route=\/wp\/v2\/pages\/480","targetHints":{"allow":["GET"]}}],"collection":[{"href":"https:\/\/www.deibele.eu\/fotobuxtehude\/index.php?rest_route=\/wp\/v2\/pages"}],"about":[{"href":"https:\/\/www.deibele.eu\/fotobuxtehude\/index.php?rest_route=\/wp\/v2\/types\/page"}],"author":[{"embeddable":true,"href":"https:\/\/www.deibele.eu\/fotobuxtehude\/index.php?rest_route=\/wp\/v2\/users\/1"}],"replies":[{"embeddable":true,"href":"https:\/\/www.deibele.eu\/fotobuxtehude\/index.php?rest_route=%2Fwp%2Fv2%2Fcomments&post=480"}],"version-history":[{"count":4,"href":"https:\/\/www.deibele.eu\/fotobuxtehude\/index.php?rest_route=\/wp\/v2\/pages\/480\/revisions"}],"predecessor-version":[{"id":5900,"href":"https:\/\/www.deibele.eu\/fotobuxtehude\/index.php?rest_route=\/wp\/v2\/pages\/480\/revisions\/5900"}],"wp:attachment":[{"href":"https:\/\/www.deibele.eu\/fotobuxtehude\/index.php?rest_route=%2Fwp%2Fv2%2Fmedia&parent=480"}],"curies":[{"name":"wp","href":"https:\/\/api.w.org\/{rel}","templated":true}]}}