{"id":477,"date":"2017-03-22T18:14:11","date_gmt":"2017-03-22T17:14:11","guid":{"rendered":"http:\/\/www.deibele.eu\/fotobuxtehude\/?page_id=477"},"modified":"2017-05-01T23:15:45","modified_gmt":"2017-05-01T21:15:45","slug":"kaserne-torhaus","status":"publish","type":"page","link":"https:\/\/www.deibele.eu\/fotobuxtehude\/?page_id=477","title":{"rendered":"Kaserne Torhaus"},"content":{"rendered":"<table border=\"0\" cellpadding=\"1\" cellspacing=\"1\" style=\"width: 100%;\">\n<tbody>\n<tr>\n<td style=\"width: 25%;\">\n\t\t\t\t<strong>Querverweise:<\/strong>\n\t\t\t<\/td>\n<td style=\"width: 25%;\">\n\t\t\t\t<a href=\"http:\/\/www.deibele.eu\/fotobuxtehude\/?page_id=401\">Altkloster<\/a>\n\t\t\t<\/td>\n<td style=\"width: 25%;\">\n\t\t\t\t<a href=\"http:\/\/www.deibele.eu\/fotobuxtehude\/?page_id=431\">Elbekliniken<\/a>\n\t\t\t<\/td>\n<td style=\"width: 25%;\">\n\t\t\t\t<a href=\"http:\/\/www.deibele.eu\/fotobuxtehude\/?page_id=453\">Friedhof<\/a>\n\t\t\t<\/td>\n<\/tr>\n<tr>\n<td style=\"width: 25%;\">\n\t\t\t\t<a href=\"http:\/\/www.deibele.eu\/fotobuxtehude\/?page_id=455\">Friedhof Stader Stra&szlig;e<\/a>\n\t\t\t<\/td>\n<td style=\"width: 25%;\">\n\t\t\t\tKaserne Torhaus\n\t\t\t<\/td>\n<td style=\"width: 25%;\">\n\t\t\t\t<a href=\"http:\/\/www.deibele.eu\/fotobuxtehude\/?page_id=486\">Klosterhof<\/a>\n\t\t\t<\/td>\n<td style=\"width: 25%;\">\n\t\t\t\t&nbsp;\n\t\t\t<\/td>\n<\/tr>\n<tr>\n<td style=\"width: 25%;\">\n\t\t\t\t<a href=\"http:\/\/www.deibele.eu\/fotobuxtehude\/?page_id=514\">L&uuml;neburger Schanze<\/a>\n\t\t\t<\/td>\n<td style=\"width: 25%;\">\n\t\t\t\t<a href=\"http:\/\/www.deibele.eu\/fotobuxtehude\/?page_id=528\">Nonne mit Schaf<\/a>\n\t\t\t<\/td>\n<td style=\"width: 25%;\">\n\t\t\t\t<a href=\"http:\/\/www.deibele.eu\/fotobuxtehude\/?page_id=550\">Schafsmarkt<\/a>\n\t\t\t<\/td>\n<td style=\"width: 25%;\">\n\t\t\t\t<a href=\"http:\/\/www.deibele.eu\/fotobuxtehude\/?page_id=556\">Villen Stader Stra&szlig;e<\/a>\n\t\t\t<\/td>\n<\/tr>\n<\/tbody>\n<\/table>\n<p>\n\tDie Estetal-Kaserne wurde 1939 errichtet. Nachdem die 3. Panzerdivision 1993 aus der Kaserne abgezogen war, erwarb die Stadt Buxtehude 1994 das Gel&auml;nde vom Bund und &uuml;berf&uuml;hrte es in ein neues Wohngebiet.<br \/>\n\tngg_shortcode_0_placeholder<\/p>\n","protected":false},"excerpt":{"rendered":"<p>Querverweise: Altkloster Elbekliniken Friedhof Friedhof Stader Stra&szlig;e Kaserne Torhaus Klosterhof &nbsp; L&uuml;neburger Schanze Nonne mit Schaf Schafsmarkt Villen Stader Stra&szlig;e Die Estetal-Kaserne wurde 1939 errichtet. Nachdem die 3. Panzerdivision 1993 aus der Kaserne abgezogen war, erwarb die Stadt Buxtehude 1994 das Gel&auml;nde vom Bund und &uuml;berf&uuml;hrte es in ein neues Wohngebiet.<\/p>\n","protected":false},"author":1,"featured_media":0,"parent":0,"menu_order":0,"comment_status":"closed","ping_status":"closed","template":"","meta":{"ngg_post_thumbnail":0,"footnotes":""},"class_list":["post-477","page","type-page","status-publish","hentry"],"yoast_head":"<!-- This site is optimized with the Yoast SEO plugin v24.8.1 - https:\/\/yoast.com\/wordpress\/plugins\/seo\/ -->\n<title>Kaserne Torhaus - Buxtehude Fotos<\/title>\n<meta name=\"description\" content=\"1939 Errichtung der Estetal-Kaserne, 1993 Abzug der 3. Panzerdivision, 1994 \u00dcbernahme des Gel\u00e4ndes durch die Stadt, \u00dcberf\u00fchrung in ein neues Wohngebiet.\" \/>\n<meta name=\"robots\" content=\"index, follow, max-snippet:-1, max-image-preview:large, max-video-preview:-1\" \/>\n<link rel=\"canonical\" href=\"https:\/\/www.deibele.eu\/fotobuxtehude\/?page_id=477\" \/>\n<meta property=\"og:locale\" content=\"de_DE\" \/>\n<meta property=\"og:type\" content=\"article\" \/>\n<meta property=\"og:title\" content=\"Kaserne Torhaus - Buxtehude Fotos\" \/>\n<meta property=\"og:description\" content=\"1939 Errichtung der Estetal-Kaserne, 1993 Abzug der 3. Panzerdivision, 1994 \u00dcbernahme des Gel\u00e4ndes durch die Stadt, \u00dcberf\u00fchrung in ein neues Wohngebiet.\" \/>\n<meta property=\"og:url\" content=\"https:\/\/www.deibele.eu\/fotobuxtehude\/?page_id=477\" \/>\n<meta property=\"og:site_name\" content=\"Buxtehude Fotos\" \/>\n<meta property=\"article:modified_time\" content=\"2017-05-01T21:15:45+00:00\" \/>\n<meta name=\"twitter:card\" content=\"summary_large_image\" \/>\n<script type=\"application\/ld+json\" class=\"yoast-schema-graph\">{\"@context\":\"https:\/\/schema.org\",\"@graph\":[{\"@type\":\"WebPage\",\"@id\":\"https:\/\/www.deibele.eu\/fotobuxtehude\/?page_id=477\",\"url\":\"https:\/\/www.deibele.eu\/fotobuxtehude\/?page_id=477\",\"name\":\"Kaserne Torhaus - Buxtehude Fotos\",\"isPartOf\":{\"@id\":\"https:\/\/www.deibele.eu\/fotobuxtehude\/#website\"},\"datePublished\":\"2017-03-22T17:14:11+00:00\",\"dateModified\":\"2017-05-01T21:15:45+00:00\",\"description\":\"1939 Errichtung der Estetal-Kaserne, 1993 Abzug der 3. Panzerdivision, 1994 \u00dcbernahme des Gel\u00e4ndes durch die Stadt, \u00dcberf\u00fchrung in ein neues Wohngebiet.\",\"breadcrumb\":{\"@id\":\"https:\/\/www.deibele.eu\/fotobuxtehude\/?page_id=477#breadcrumb\"},\"inLanguage\":\"de\",\"potentialAction\":[{\"@type\":\"ReadAction\",\"target\":[\"https:\/\/www.deibele.eu\/fotobuxtehude\/?page_id=477\"]}]},{\"@type\":\"BreadcrumbList\",\"@id\":\"https:\/\/www.deibele.eu\/fotobuxtehude\/?page_id=477#breadcrumb\",\"itemListElement\":[{\"@type\":\"ListItem\",\"position\":1,\"name\":\"Startseite\",\"item\":\"https:\/\/www.deibele.eu\/fotobuxtehude\/\"},{\"@type\":\"ListItem\",\"position\":2,\"name\":\"Kaserne Torhaus\"}]},{\"@type\":\"WebSite\",\"@id\":\"https:\/\/www.deibele.eu\/fotobuxtehude\/#website\",\"url\":\"https:\/\/www.deibele.eu\/fotobuxtehude\/\",\"name\":\"Buxtehude Fotos\",\"description\":\"von Arnold Deibele\",\"potentialAction\":[{\"@type\":\"SearchAction\",\"target\":{\"@type\":\"EntryPoint\",\"urlTemplate\":\"https:\/\/www.deibele.eu\/fotobuxtehude\/?s={search_term_string}\"},\"query-input\":{\"@type\":\"PropertyValueSpecification\",\"valueRequired\":true,\"valueName\":\"search_term_string\"}}],\"inLanguage\":\"de\"}]}<\/script>\n<!-- \/ Yoast SEO plugin. -->","yoast_head_json":{"title":"Kaserne Torhaus - Buxtehude Fotos","description":"1939 Errichtung der Estetal-Kaserne, 1993 Abzug der 3. Panzerdivision, 1994 \u00dcbernahme des Gel\u00e4ndes durch die Stadt, \u00dcberf\u00fchrung in ein neues Wohngebiet.","robots":{"index":"index","follow":"follow","max-snippet":"max-snippet:-1","max-image-preview":"max-image-preview:large","max-video-preview":"max-video-preview:-1"},"canonical":"https:\/\/www.deibele.eu\/fotobuxtehude\/?page_id=477","og_locale":"de_DE","og_type":"article","og_title":"Kaserne Torhaus - Buxtehude Fotos","og_description":"1939 Errichtung der Estetal-Kaserne, 1993 Abzug der 3. Panzerdivision, 1994 \u00dcbernahme des Gel\u00e4ndes durch die Stadt, \u00dcberf\u00fchrung in ein neues Wohngebiet.","og_url":"https:\/\/www.deibele.eu\/fotobuxtehude\/?page_id=477","og_site_name":"Buxtehude Fotos","article_modified_time":"2017-05-01T21:15:45+00:00","twitter_card":"summary_large_image","schema":{"@context":"https:\/\/schema.org","@graph":[{"@type":"WebPage","@id":"https:\/\/www.deibele.eu\/fotobuxtehude\/?page_id=477","url":"https:\/\/www.deibele.eu\/fotobuxtehude\/?page_id=477","name":"Kaserne Torhaus - Buxtehude Fotos","isPartOf":{"@id":"https:\/\/www.deibele.eu\/fotobuxtehude\/#website"},"datePublished":"2017-03-22T17:14:11+00:00","dateModified":"2017-05-01T21:15:45+00:00","description":"1939 Errichtung der Estetal-Kaserne, 1993 Abzug der 3. Panzerdivision, 1994 \u00dcbernahme des Gel\u00e4ndes durch die Stadt, \u00dcberf\u00fchrung in ein neues Wohngebiet.","breadcrumb":{"@id":"https:\/\/www.deibele.eu\/fotobuxtehude\/?page_id=477#breadcrumb"},"inLanguage":"de","potentialAction":[{"@type":"ReadAction","target":["https:\/\/www.deibele.eu\/fotobuxtehude\/?page_id=477"]}]},{"@type":"BreadcrumbList","@id":"https:\/\/www.deibele.eu\/fotobuxtehude\/?page_id=477#breadcrumb","itemListElement":[{"@type":"ListItem","position":1,"name":"Startseite","item":"https:\/\/www.deibele.eu\/fotobuxtehude\/"},{"@type":"ListItem","position":2,"name":"Kaserne Torhaus"}]},{"@type":"WebSite","@id":"https:\/\/www.deibele.eu\/fotobuxtehude\/#website","url":"https:\/\/www.deibele.eu\/fotobuxtehude\/","name":"Buxtehude Fotos","description":"von Arnold Deibele","potentialAction":[{"@type":"SearchAction","target":{"@type":"EntryPoint","urlTemplate":"https:\/\/www.deibele.eu\/fotobuxtehude\/?s={search_term_string}"},"query-input":{"@type":"PropertyValueSpecification","valueRequired":true,"valueName":"search_term_string"}}],"inLanguage":"de"}]}},"_links":{"self":[{"href":"https:\/\/www.deibele.eu\/fotobuxtehude\/index.php?rest_route=\/wp\/v2\/pages\/477","targetHints":{"allow":["GET"]}}],"collection":[{"href":"https:\/\/www.deibele.eu\/fotobuxtehude\/index.php?rest_route=\/wp\/v2\/pages"}],"about":[{"href":"https:\/\/www.deibele.eu\/fotobuxtehude\/index.php?rest_route=\/wp\/v2\/types\/page"}],"author":[{"embeddable":true,"href":"https:\/\/www.deibele.eu\/fotobuxtehude\/index.php?rest_route=\/wp\/v2\/users\/1"}],"replies":[{"embeddable":true,"href":"https:\/\/www.deibele.eu\/fotobuxtehude\/index.php?rest_route=%2Fwp%2Fv2%2Fcomments&post=477"}],"version-history":[{"count":8,"href":"https:\/\/www.deibele.eu\/fotobuxtehude\/index.php?rest_route=\/wp\/v2\/pages\/477\/revisions"}],"predecessor-version":[{"id":5898,"href":"https:\/\/www.deibele.eu\/fotobuxtehude\/index.php?rest_route=\/wp\/v2\/pages\/477\/revisions\/5898"}],"wp:attachment":[{"href":"https:\/\/www.deibele.eu\/fotobuxtehude\/index.php?rest_route=%2Fwp%2Fv2%2Fmedia&parent=477"}],"curies":[{"name":"wp","href":"https:\/\/api.w.org\/{rel}","templated":true}]}}