{"id":435,"date":"2017-03-22T17:39:39","date_gmt":"2017-03-22T16:39:39","guid":{"rendered":"http:\/\/www.deibele.eu\/fotobuxtehude\/?page_id=435"},"modified":"2017-04-24T18:44:52","modified_gmt":"2017-04-24T16:44:52","slug":"fachhochschule","status":"publish","type":"page","link":"https:\/\/www.deibele.eu\/fotobuxtehude\/?page_id=435","title":{"rendered":"Fachhochschule"},"content":{"rendered":"<table border=\"0\" cellpadding=\"1\" cellspacing=\"1\" style=\"width: 100%;\">\n<tbody>\n<tr>\n<td style=\"width: 25%;\">\n\t\t\t\t<strong>Querverweise:<\/strong>\n\t\t\t<\/td>\n<td style=\"width: 25%;\">\n\t\t\t\tFachhochschule\n\t\t\t<\/td>\n<td style=\"width: 25%;\">\n\t\t\t\t<a href=\"http:\/\/www.deibele.eu\/fotobuxtehude\/?page_id=469\">Harburger Stra&szlig;e<\/a>\n\t\t\t<\/td>\n<td style=\"width: 25%;\">\n\t\t\t\t<a href=\"http:\/\/www.deibele.eu\/fotobuxtehude\/?page_id=522\">Navigare<\/a>\n\t\t\t<\/td>\n<\/tr>\n<tr>\n<td style=\"width: 25%;\">\n\t\t\t\t&nbsp;\n\t\t\t<\/td>\n<td style=\"width: 25%;\">\n\t\t\t\t&nbsp;\n\t\t\t<\/td>\n<td style=\"width: 25%;\">\n\t\t\t\t&nbsp;\n\t\t\t<\/td>\n<td style=\"width: 25%;\">\n\t\t\t\t&nbsp;\n\t\t\t<\/td>\n<\/tr>\n<tr>\n<td style=\"width: 25%;\">\n\t\t\t\t&nbsp;\n\t\t\t<\/td>\n<td style=\"width: 25%;\">\n\t\t\t\t&nbsp;\n\t\t\t<\/td>\n<td style=\"width: 25%;\">\n\t\t\t\t&nbsp;\n\t\t\t<\/td>\n<td style=\"width: 25%;\">\n\t\t\t\t&nbsp;\n\t\t\t<\/td>\n<\/tr>\n<\/tbody>\n<\/table>\n<p>\n\tBuxtehude ist bereits seit 1875 Standort einer h&ouml;heren Bildungseinrichtung. Aus dem Technikum f&uuml;r Bauberufe entwickelte sich eine Staatliche Ingenieurakademie f&uuml;r Bauwesen und schlie&szlig;lich 1971-2005 die Fachhochschule Nordostniedersachsen. Seit 2004\/2005 setzt diese Tradition die hochschule 21 fort. (Quelle: <a href=\"https:\/\/de.wikipedia.org\/wiki\/Buxtehude\">https:\/\/de.wikipedia.org\/wiki\/Buxtehude)<\/a>\n<\/p>\nngg_shortcode_0_placeholder\n","protected":false},"excerpt":{"rendered":"<p>Querverweise: Fachhochschule Harburger Stra&szlig;e Navigare &nbsp; &nbsp; &nbsp; &nbsp; &nbsp; &nbsp; &nbsp; &nbsp; Buxtehude ist bereits seit 1875 Standort einer h&ouml;heren Bildungseinrichtung. Aus dem Technikum f&uuml;r Bauberufe entwickelte sich eine Staatliche Ingenieurakademie f&uuml;r Bauwesen und schlie&szlig;lich 1971-2005 die Fachhochschule Nordostniedersachsen. Seit 2004\/2005 setzt diese Tradition die hochschule 21 fort. (Quelle: https:\/\/de.wikipedia.org\/wiki\/Buxtehude)<\/p>\n","protected":false},"author":1,"featured_media":0,"parent":0,"menu_order":0,"comment_status":"closed","ping_status":"closed","template":"","meta":{"ngg_post_thumbnail":0,"footnotes":""},"class_list":["post-435","page","type-page","status-publish","hentry"],"yoast_head":"<!-- This site is optimized with the Yoast SEO plugin v24.8.1 - https:\/\/yoast.com\/wordpress\/plugins\/seo\/ -->\n<title>Fachhochschule - Buxtehude Fotos<\/title>\n<meta name=\"description\" content=\"seit 1875 Standort mit h\u00f6herer Bildungseinrichtung, sp\u00e4ter Technikum f\u00fcr Bauberufe, Staatl. Ingenieurakademie, Fachhochschule, seit 2005 hochschule 21\" \/>\n<meta name=\"robots\" content=\"index, follow, max-snippet:-1, max-image-preview:large, max-video-preview:-1\" \/>\n<link rel=\"canonical\" href=\"https:\/\/www.deibele.eu\/fotobuxtehude\/?page_id=435\" \/>\n<meta property=\"og:locale\" content=\"de_DE\" \/>\n<meta property=\"og:type\" content=\"article\" \/>\n<meta property=\"og:title\" content=\"Fachhochschule - Buxtehude Fotos\" \/>\n<meta property=\"og:description\" content=\"seit 1875 Standort mit h\u00f6herer Bildungseinrichtung, sp\u00e4ter Technikum f\u00fcr Bauberufe, Staatl. Ingenieurakademie, Fachhochschule, seit 2005 hochschule 21\" \/>\n<meta property=\"og:url\" content=\"https:\/\/www.deibele.eu\/fotobuxtehude\/?page_id=435\" \/>\n<meta property=\"og:site_name\" content=\"Buxtehude Fotos\" \/>\n<meta property=\"article:modified_time\" content=\"2017-04-24T16:44:52+00:00\" \/>\n<meta name=\"twitter:card\" content=\"summary_large_image\" \/>\n<script type=\"application\/ld+json\" class=\"yoast-schema-graph\">{\"@context\":\"https:\/\/schema.org\",\"@graph\":[{\"@type\":\"WebPage\",\"@id\":\"https:\/\/www.deibele.eu\/fotobuxtehude\/?page_id=435\",\"url\":\"https:\/\/www.deibele.eu\/fotobuxtehude\/?page_id=435\",\"name\":\"Fachhochschule - Buxtehude Fotos\",\"isPartOf\":{\"@id\":\"https:\/\/www.deibele.eu\/fotobuxtehude\/#website\"},\"datePublished\":\"2017-03-22T16:39:39+00:00\",\"dateModified\":\"2017-04-24T16:44:52+00:00\",\"description\":\"seit 1875 Standort mit h\u00f6herer Bildungseinrichtung, sp\u00e4ter Technikum f\u00fcr Bauberufe, Staatl. Ingenieurakademie, Fachhochschule, seit 2005 hochschule 21\",\"breadcrumb\":{\"@id\":\"https:\/\/www.deibele.eu\/fotobuxtehude\/?page_id=435#breadcrumb\"},\"inLanguage\":\"de\",\"potentialAction\":[{\"@type\":\"ReadAction\",\"target\":[\"https:\/\/www.deibele.eu\/fotobuxtehude\/?page_id=435\"]}]},{\"@type\":\"BreadcrumbList\",\"@id\":\"https:\/\/www.deibele.eu\/fotobuxtehude\/?page_id=435#breadcrumb\",\"itemListElement\":[{\"@type\":\"ListItem\",\"position\":1,\"name\":\"Startseite\",\"item\":\"https:\/\/www.deibele.eu\/fotobuxtehude\/\"},{\"@type\":\"ListItem\",\"position\":2,\"name\":\"Fachhochschule\"}]},{\"@type\":\"WebSite\",\"@id\":\"https:\/\/www.deibele.eu\/fotobuxtehude\/#website\",\"url\":\"https:\/\/www.deibele.eu\/fotobuxtehude\/\",\"name\":\"Buxtehude Fotos\",\"description\":\"von Arnold Deibele\",\"potentialAction\":[{\"@type\":\"SearchAction\",\"target\":{\"@type\":\"EntryPoint\",\"urlTemplate\":\"https:\/\/www.deibele.eu\/fotobuxtehude\/?s={search_term_string}\"},\"query-input\":{\"@type\":\"PropertyValueSpecification\",\"valueRequired\":true,\"valueName\":\"search_term_string\"}}],\"inLanguage\":\"de\"}]}<\/script>\n<!-- \/ Yoast SEO plugin. -->","yoast_head_json":{"title":"Fachhochschule - Buxtehude Fotos","description":"seit 1875 Standort mit h\u00f6herer Bildungseinrichtung, sp\u00e4ter Technikum f\u00fcr Bauberufe, Staatl. Ingenieurakademie, Fachhochschule, seit 2005 hochschule 21","robots":{"index":"index","follow":"follow","max-snippet":"max-snippet:-1","max-image-preview":"max-image-preview:large","max-video-preview":"max-video-preview:-1"},"canonical":"https:\/\/www.deibele.eu\/fotobuxtehude\/?page_id=435","og_locale":"de_DE","og_type":"article","og_title":"Fachhochschule - Buxtehude Fotos","og_description":"seit 1875 Standort mit h\u00f6herer Bildungseinrichtung, sp\u00e4ter Technikum f\u00fcr Bauberufe, Staatl. Ingenieurakademie, Fachhochschule, seit 2005 hochschule 21","og_url":"https:\/\/www.deibele.eu\/fotobuxtehude\/?page_id=435","og_site_name":"Buxtehude Fotos","article_modified_time":"2017-04-24T16:44:52+00:00","twitter_card":"summary_large_image","schema":{"@context":"https:\/\/schema.org","@graph":[{"@type":"WebPage","@id":"https:\/\/www.deibele.eu\/fotobuxtehude\/?page_id=435","url":"https:\/\/www.deibele.eu\/fotobuxtehude\/?page_id=435","name":"Fachhochschule - Buxtehude Fotos","isPartOf":{"@id":"https:\/\/www.deibele.eu\/fotobuxtehude\/#website"},"datePublished":"2017-03-22T16:39:39+00:00","dateModified":"2017-04-24T16:44:52+00:00","description":"seit 1875 Standort mit h\u00f6herer Bildungseinrichtung, sp\u00e4ter Technikum f\u00fcr Bauberufe, Staatl. Ingenieurakademie, Fachhochschule, seit 2005 hochschule 21","breadcrumb":{"@id":"https:\/\/www.deibele.eu\/fotobuxtehude\/?page_id=435#breadcrumb"},"inLanguage":"de","potentialAction":[{"@type":"ReadAction","target":["https:\/\/www.deibele.eu\/fotobuxtehude\/?page_id=435"]}]},{"@type":"BreadcrumbList","@id":"https:\/\/www.deibele.eu\/fotobuxtehude\/?page_id=435#breadcrumb","itemListElement":[{"@type":"ListItem","position":1,"name":"Startseite","item":"https:\/\/www.deibele.eu\/fotobuxtehude\/"},{"@type":"ListItem","position":2,"name":"Fachhochschule"}]},{"@type":"WebSite","@id":"https:\/\/www.deibele.eu\/fotobuxtehude\/#website","url":"https:\/\/www.deibele.eu\/fotobuxtehude\/","name":"Buxtehude Fotos","description":"von Arnold Deibele","potentialAction":[{"@type":"SearchAction","target":{"@type":"EntryPoint","urlTemplate":"https:\/\/www.deibele.eu\/fotobuxtehude\/?s={search_term_string}"},"query-input":{"@type":"PropertyValueSpecification","valueRequired":true,"valueName":"search_term_string"}}],"inLanguage":"de"}]}},"_links":{"self":[{"href":"https:\/\/www.deibele.eu\/fotobuxtehude\/index.php?rest_route=\/wp\/v2\/pages\/435","targetHints":{"allow":["GET"]}}],"collection":[{"href":"https:\/\/www.deibele.eu\/fotobuxtehude\/index.php?rest_route=\/wp\/v2\/pages"}],"about":[{"href":"https:\/\/www.deibele.eu\/fotobuxtehude\/index.php?rest_route=\/wp\/v2\/types\/page"}],"author":[{"embeddable":true,"href":"https:\/\/www.deibele.eu\/fotobuxtehude\/index.php?rest_route=\/wp\/v2\/users\/1"}],"replies":[{"embeddable":true,"href":"https:\/\/www.deibele.eu\/fotobuxtehude\/index.php?rest_route=%2Fwp%2Fv2%2Fcomments&post=435"}],"version-history":[{"count":7,"href":"https:\/\/www.deibele.eu\/fotobuxtehude\/index.php?rest_route=\/wp\/v2\/pages\/435\/revisions"}],"predecessor-version":[{"id":5850,"href":"https:\/\/www.deibele.eu\/fotobuxtehude\/index.php?rest_route=\/wp\/v2\/pages\/435\/revisions\/5850"}],"wp:attachment":[{"href":"https:\/\/www.deibele.eu\/fotobuxtehude\/index.php?rest_route=%2Fwp%2Fv2%2Fmedia&parent=435"}],"curies":[{"name":"wp","href":"https:\/\/api.w.org\/{rel}","templated":true}]}}