{"id":396,"date":"2017-03-22T14:33:58","date_gmt":"2017-03-22T13:33:58","guid":{"rendered":"http:\/\/www.deibele.eu\/fotobuxtehude\/?page_id=396"},"modified":"2017-05-01T18:45:55","modified_gmt":"2017-05-01T16:45:55","slug":"kaehler-villa","status":"publish","type":"page","link":"https:\/\/www.deibele.eu\/fotobuxtehude\/?page_id=396","title":{"rendered":"K\u00e4hler-Villa"},"content":{"rendered":"<table border=\"0\" cellpadding=\"1\" cellspacing=\"1\" style=\"width: 100%;\">\n<tbody>\n<tr>\n<td style=\"width: 25%;\">\n\t\t\t\t<strong>Querverweise:<\/strong>\n\t\t\t<\/td>\n<td style=\"width: 25%;\">\n\t\t\t\t<a href=\"http:\/\/www.deibele.eu\/fotobuxtehude\/?page_id=245\">Drei Stelen<\/a>\n\t\t\t<\/td>\n<td style=\"width: 25%;\">\n\t\t\t\t<a href=\"http:\/\/www.deibele.eu\/fotobuxtehude\/?page_id=439\">Figur 1000<\/a>\n\t\t\t<\/td>\n<td style=\"width: 25%;\">\n\t\t\t\tK&auml;hler-Villa\n\t\t\t<\/td>\n<\/tr>\n<tr>\n<td style=\"width: 25%;\">\n\t\t\t\t<a href=\"http:\/\/www.deibele.eu\/fotobuxtehude\/?page_id=494\">Kunstinsel<\/a>\n\t\t\t<\/td>\n<td style=\"width: 25%;\">\n\t\t\t\t<a href=\"http:\/\/www.deibele.eu\/fotobuxtehude\/?page_id=568\">Stadtpark<\/a>\n\t\t\t<\/td>\n<td style=\"width: 25%;\">\n\t\t\t\t<a href=\"http:\/\/www.deibele.eu\/fotobuxtehude\/?page_id=574\">Sterbender Krieger<\/a>\n\t\t\t<\/td>\n<td style=\"width: 25%;\">\n\t\t\t\t&nbsp;\n\t\t\t<\/td>\n<\/tr>\n<tr>\n<td style=\"width: 25%;\">\n\t\t\t\t&nbsp;\n\t\t\t<\/td>\n<td style=\"width: 25%;\">\n\t\t\t\t&nbsp;\n\t\t\t<\/td>\n<td style=\"width: 25%;\">\n\t\t\t\t&nbsp;\n\t\t\t<\/td>\n<td style=\"width: 25%;\">\n\t\t\t\t&nbsp;\n\t\t\t<\/td>\n<\/tr>\n<\/tbody>\n<\/table>\n<p>\n\t1851\/53 baute der Senator und Hamburger Seifenfabrikant Julius C&auml;sar K&auml;hler eine Villa mit Aussichtsturm. In der K&auml;hlerischen Villa bezog Kaiser Wilhelm I. 1873 sein Quartier, w&auml;hrend er ein Man&ouml;ver auf den Heideh&uuml;geln bei Immenbeck besuchte und die Stadt ihre 600-Jahr-Feier abhielt. W&auml;hrend dieser Zeit war der Kaiser Gast des Senators Julius C&auml;sar K&auml;hler.<br \/>\n\tngg_shortcode_0_placeholder<\/p>\n","protected":false},"excerpt":{"rendered":"<p>Querverweise: Drei Stelen Figur 1000 K&auml;hler-Villa Kunstinsel Stadtpark Sterbender Krieger &nbsp; &nbsp; &nbsp; &nbsp; &nbsp; 1851\/53 baute der Senator und Hamburger Seifenfabrikant Julius C&auml;sar K&auml;hler eine Villa mit Aussichtsturm. In der K&auml;hlerischen Villa bezog Kaiser Wilhelm I. 1873 sein Quartier, w&auml;hrend er ein Man&ouml;ver auf den Heideh&uuml;geln bei Immenbeck besuchte und die Stadt ihre 600-Jahr-Feier [&hellip;]<\/p>\n","protected":false},"author":1,"featured_media":0,"parent":0,"menu_order":0,"comment_status":"closed","ping_status":"closed","template":"","meta":{"ngg_post_thumbnail":0,"footnotes":""},"class_list":["post-396","page","type-page","status-publish","hentry"],"yoast_head":"<!-- This site is optimized with the Yoast SEO plugin v24.8.1 - https:\/\/yoast.com\/wordpress\/plugins\/seo\/ -->\n<title>K\u00e4hler-Villa - Buxtehude Fotos<\/title>\n<meta name=\"description\" content=\"K\u00e4hler-Villa, erbaut 1851\/53 von Julius C\u00e4sar K\u00e4hler (Senator und Hamburger Seifenfabrikant), 1873 Quartier von Kaiser Wilhelm I. w\u00e4hrend eines Man\u00f6vers\" \/>\n<meta name=\"robots\" content=\"index, follow, max-snippet:-1, max-image-preview:large, max-video-preview:-1\" \/>\n<link rel=\"canonical\" href=\"https:\/\/www.deibele.eu\/fotobuxtehude\/?page_id=396\" \/>\n<meta property=\"og:locale\" content=\"de_DE\" \/>\n<meta property=\"og:type\" content=\"article\" \/>\n<meta property=\"og:title\" content=\"K\u00e4hler-Villa - Buxtehude Fotos\" \/>\n<meta property=\"og:description\" content=\"K\u00e4hler-Villa, erbaut 1851\/53 von Julius C\u00e4sar K\u00e4hler (Senator und Hamburger Seifenfabrikant), 1873 Quartier von Kaiser Wilhelm I. w\u00e4hrend eines Man\u00f6vers\" \/>\n<meta property=\"og:url\" content=\"https:\/\/www.deibele.eu\/fotobuxtehude\/?page_id=396\" \/>\n<meta property=\"og:site_name\" content=\"Buxtehude Fotos\" \/>\n<meta property=\"article:modified_time\" content=\"2017-05-01T16:45:55+00:00\" \/>\n<meta name=\"twitter:card\" content=\"summary_large_image\" \/>\n<script type=\"application\/ld+json\" class=\"yoast-schema-graph\">{\"@context\":\"https:\/\/schema.org\",\"@graph\":[{\"@type\":\"WebPage\",\"@id\":\"https:\/\/www.deibele.eu\/fotobuxtehude\/?page_id=396\",\"url\":\"https:\/\/www.deibele.eu\/fotobuxtehude\/?page_id=396\",\"name\":\"K\u00e4hler-Villa - Buxtehude Fotos\",\"isPartOf\":{\"@id\":\"https:\/\/www.deibele.eu\/fotobuxtehude\/#website\"},\"datePublished\":\"2017-03-22T13:33:58+00:00\",\"dateModified\":\"2017-05-01T16:45:55+00:00\",\"description\":\"K\u00e4hler-Villa, erbaut 1851\/53 von Julius C\u00e4sar K\u00e4hler (Senator und Hamburger Seifenfabrikant), 1873 Quartier von Kaiser Wilhelm I. w\u00e4hrend eines Man\u00f6vers\",\"breadcrumb\":{\"@id\":\"https:\/\/www.deibele.eu\/fotobuxtehude\/?page_id=396#breadcrumb\"},\"inLanguage\":\"de\",\"potentialAction\":[{\"@type\":\"ReadAction\",\"target\":[\"https:\/\/www.deibele.eu\/fotobuxtehude\/?page_id=396\"]}]},{\"@type\":\"BreadcrumbList\",\"@id\":\"https:\/\/www.deibele.eu\/fotobuxtehude\/?page_id=396#breadcrumb\",\"itemListElement\":[{\"@type\":\"ListItem\",\"position\":1,\"name\":\"Startseite\",\"item\":\"https:\/\/www.deibele.eu\/fotobuxtehude\/\"},{\"@type\":\"ListItem\",\"position\":2,\"name\":\"K\u00e4hler-Villa\"}]},{\"@type\":\"WebSite\",\"@id\":\"https:\/\/www.deibele.eu\/fotobuxtehude\/#website\",\"url\":\"https:\/\/www.deibele.eu\/fotobuxtehude\/\",\"name\":\"Buxtehude Fotos\",\"description\":\"von Arnold Deibele\",\"potentialAction\":[{\"@type\":\"SearchAction\",\"target\":{\"@type\":\"EntryPoint\",\"urlTemplate\":\"https:\/\/www.deibele.eu\/fotobuxtehude\/?s={search_term_string}\"},\"query-input\":{\"@type\":\"PropertyValueSpecification\",\"valueRequired\":true,\"valueName\":\"search_term_string\"}}],\"inLanguage\":\"de\"}]}<\/script>\n<!-- \/ Yoast SEO plugin. -->","yoast_head_json":{"title":"K\u00e4hler-Villa - Buxtehude Fotos","description":"K\u00e4hler-Villa, erbaut 1851\/53 von Julius C\u00e4sar K\u00e4hler (Senator und Hamburger Seifenfabrikant), 1873 Quartier von Kaiser Wilhelm I. w\u00e4hrend eines Man\u00f6vers","robots":{"index":"index","follow":"follow","max-snippet":"max-snippet:-1","max-image-preview":"max-image-preview:large","max-video-preview":"max-video-preview:-1"},"canonical":"https:\/\/www.deibele.eu\/fotobuxtehude\/?page_id=396","og_locale":"de_DE","og_type":"article","og_title":"K\u00e4hler-Villa - Buxtehude Fotos","og_description":"K\u00e4hler-Villa, erbaut 1851\/53 von Julius C\u00e4sar K\u00e4hler (Senator und Hamburger Seifenfabrikant), 1873 Quartier von Kaiser Wilhelm I. w\u00e4hrend eines Man\u00f6vers","og_url":"https:\/\/www.deibele.eu\/fotobuxtehude\/?page_id=396","og_site_name":"Buxtehude Fotos","article_modified_time":"2017-05-01T16:45:55+00:00","twitter_card":"summary_large_image","schema":{"@context":"https:\/\/schema.org","@graph":[{"@type":"WebPage","@id":"https:\/\/www.deibele.eu\/fotobuxtehude\/?page_id=396","url":"https:\/\/www.deibele.eu\/fotobuxtehude\/?page_id=396","name":"K\u00e4hler-Villa - Buxtehude Fotos","isPartOf":{"@id":"https:\/\/www.deibele.eu\/fotobuxtehude\/#website"},"datePublished":"2017-03-22T13:33:58+00:00","dateModified":"2017-05-01T16:45:55+00:00","description":"K\u00e4hler-Villa, erbaut 1851\/53 von Julius C\u00e4sar K\u00e4hler (Senator und Hamburger Seifenfabrikant), 1873 Quartier von Kaiser Wilhelm I. w\u00e4hrend eines Man\u00f6vers","breadcrumb":{"@id":"https:\/\/www.deibele.eu\/fotobuxtehude\/?page_id=396#breadcrumb"},"inLanguage":"de","potentialAction":[{"@type":"ReadAction","target":["https:\/\/www.deibele.eu\/fotobuxtehude\/?page_id=396"]}]},{"@type":"BreadcrumbList","@id":"https:\/\/www.deibele.eu\/fotobuxtehude\/?page_id=396#breadcrumb","itemListElement":[{"@type":"ListItem","position":1,"name":"Startseite","item":"https:\/\/www.deibele.eu\/fotobuxtehude\/"},{"@type":"ListItem","position":2,"name":"K\u00e4hler-Villa"}]},{"@type":"WebSite","@id":"https:\/\/www.deibele.eu\/fotobuxtehude\/#website","url":"https:\/\/www.deibele.eu\/fotobuxtehude\/","name":"Buxtehude Fotos","description":"von Arnold Deibele","potentialAction":[{"@type":"SearchAction","target":{"@type":"EntryPoint","urlTemplate":"https:\/\/www.deibele.eu\/fotobuxtehude\/?s={search_term_string}"},"query-input":{"@type":"PropertyValueSpecification","valueRequired":true,"valueName":"search_term_string"}}],"inLanguage":"de"}]}},"_links":{"self":[{"href":"https:\/\/www.deibele.eu\/fotobuxtehude\/index.php?rest_route=\/wp\/v2\/pages\/396","targetHints":{"allow":["GET"]}}],"collection":[{"href":"https:\/\/www.deibele.eu\/fotobuxtehude\/index.php?rest_route=\/wp\/v2\/pages"}],"about":[{"href":"https:\/\/www.deibele.eu\/fotobuxtehude\/index.php?rest_route=\/wp\/v2\/types\/page"}],"author":[{"embeddable":true,"href":"https:\/\/www.deibele.eu\/fotobuxtehude\/index.php?rest_route=\/wp\/v2\/users\/1"}],"replies":[{"embeddable":true,"href":"https:\/\/www.deibele.eu\/fotobuxtehude\/index.php?rest_route=%2Fwp%2Fv2%2Fcomments&post=396"}],"version-history":[{"count":5,"href":"https:\/\/www.deibele.eu\/fotobuxtehude\/index.php?rest_route=\/wp\/v2\/pages\/396\/revisions"}],"predecessor-version":[{"id":5897,"href":"https:\/\/www.deibele.eu\/fotobuxtehude\/index.php?rest_route=\/wp\/v2\/pages\/396\/revisions\/5897"}],"wp:attachment":[{"href":"https:\/\/www.deibele.eu\/fotobuxtehude\/index.php?rest_route=%2Fwp%2Fv2%2Fmedia&parent=396"}],"curies":[{"name":"wp","href":"https:\/\/api.w.org\/{rel}","templated":true}]}}