{"id":272,"date":"2017-03-21T20:58:35","date_gmt":"2017-03-21T19:58:35","guid":{"rendered":"http:\/\/www.deibele.eu\/fotobuxtehude\/?page_id=272"},"modified":"2025-04-06T17:52:54","modified_gmt":"2025-04-06T15:52:54","slug":"startseite","status":"publish","type":"page","link":"https:\/\/www.deibele.eu\/fotobuxtehude\/","title":{"rendered":"Startseite"},"content":{"rendered":"<p>Seitdem ich in Buxtehude wohne, bin ich hier mit meiner Fotokamera unterwegs. Im Laufe der Zeit entstand eine F\u00fclle von Fotos \u00fcber Buxtehude und ich begann, die \u00dcbersicht \u00fcber die vielen Bilder zu verlieren. Es wurde schlie\u00dflich unausweichlich, die Fotos zu \u00fcberarbeiten und zu ordnen. So entstand diese Bilderdatenbank &#8222;Buxtehude Fotos&#8220;.<\/p>\n<p><img loading=\"lazy\" decoding=\"async\" class=\"size-full wp-image-4890 aligncenter\" src=\"http:\/\/www.deibele.eu\/fotobuxtehude\/wp-content\/uploads\/2017\/03\/fotos-buxtehude-1.jpg\" alt=\"Buxtehude, Fotos von Arnold Deibele, Abthaus, Abtstra\u00dfe, Alte Lateinschule, Altkloster, Am Geesttor, Au\u00dfenhafen, Bahnhof, Bahnhofstra\u00dfe, Barkassenfahrten, Brauhaus, Breite Stra\u00dfe, B\u00fcrgerhaus, Buxtehude, Buxtehuder Firmen, Dackel mit Glocke, Der Siebte Schornstein, Drei Stelen, Elbekliniken, Ewer Margareta, Fachhochschul,e Feuergang, Figur 1000, Fischerstra\u00dfe, Fleth-Apotheke, Flethanlage, Flethbr\u00fcckev Flethenkieker, Flethm\u00fchle, Friedhof, Friedhof Stader Stra\u00dfe, j\u00fcdischer Friedhof, Gr\u00fcndahl-M\u00fchle, Halepaghen, Harburger Stra\u00dfe, Hase und Igel, Heimatmuseum, Hinter dem Zwinger, Hoyers Gang, K\u00e4hler-Villa, Kaserne Torhaus , Kattau-M\u00fchle, Katze mit B\u00fcgel, Kirchenstra\u00dfe, Klosterhof, Konopkastra\u00dfe, Kriegerdenkmal Harburger Stra\u00dfe, Kriegerdenkmal Petrikirche, Kriegerdenkmal Stader Stra\u00dfe, Kulturforum, Kunstinsel, Lange Stra\u00dfe, Lange Stra\u00dfe 19, Lange Stra\u00dfe 37, Lautenspielerin, Liebfrauenkirchhof, Linah-Zwinger, Llichtbr\u00fccken, L\u00fcneburger Schanze, Moortorstra\u00dfe, M\u00fchlenteich, Navigare, Neptun, Neuland, Nonne mit Schaf, Ostfleth, Ovelg\u00f6nner Wasserm\u00fchle, Petrikirche, Petriplatz, Rathaus, Ritterstra\u00dfe, Rote Laterne, Schafsmarkt, Schlachterei Bitter, Stackmann, Stadtbibliothek, Stadtf\u00fchrung, Stadthaus, Stadtleben, Stadtmauer, Stadtpark, Stavenort, Stavenort Glockenspiel, Sterbender Krieger, Stier mit Knabe, Strandzeichen, Symbolfiguren, Symphonie des Lichts, Tuckerboote, Villen Stader Stra\u00dfe, Viver, Viverstra\u00dfe, Westfleth, ZOB, Zollamt, Zwinger, Zwischen den Br\u00fccken\" width=\"900\" height=\"1350\" srcset=\"https:\/\/www.deibele.eu\/fotobuxtehude\/wp-content\/uploads\/2017\/03\/fotos-buxtehude-1.jpg 900w, https:\/\/www.deibele.eu\/fotobuxtehude\/wp-content\/uploads\/2017\/03\/fotos-buxtehude-1-200x300.jpg 200w, https:\/\/www.deibele.eu\/fotobuxtehude\/wp-content\/uploads\/2017\/03\/fotos-buxtehude-1-768x1152.jpg 768w, https:\/\/www.deibele.eu\/fotobuxtehude\/wp-content\/uploads\/2017\/03\/fotos-buxtehude-1-683x1024.jpg 683w\" sizes=\"auto, (max-width: 900px) 100vw, 900px\" \/><\/p>\n<p>&nbsp;<\/p>\n<p><img loading=\"lazy\" decoding=\"async\" class=\"size-full wp-image-4887 aligncenter\" src=\"http:\/\/www.deibele.eu\/fotobuxtehude\/wp-content\/uploads\/2017\/03\/fotos-buxtehude-2-1.jpg\" alt=\"Buxtehude Fotos von Arnold Deibele, Abtstra\u00dfe, Altkloster, Au\u00dfenhafen, Bahnhofstra\u00dfe, Brauhaus, Buxtehude, Dackel mit Glocke,Drei Stelen, Ewer Margareta, Feuergang, Fischerstra\u00dfe, Flethanlage, Flethenkieker, Friedhof, Friedhof-j\u00fcdisch, Halepaghen, Hase und Igel, Hinter dem Zwinger, K\u00e4hler-Villa, Kattau-M\u00fchle, Kirchenstra\u00dfe, Konopkastra\u00dfe, Kriegerdenkmal Petrikirche, Kulturforum, Lange Stra\u00dfe, 19, Lautenspielerin, Liebfrauenkirchhof, Linah-Zwinger, L\u00fcneburger Schanze, M\u00fchlenteich, Neptun, Nonne mit Schaf, Ovelg\u00f6nner Wasserm\u00fchle, Petriplatz, Ritterstra\u00dfe, Schafsmarkt, Stackmann, Stadtf\u00fchrung, Stadtleben, Stadtpark, Stavenort Glockenspiel, Stier mit Knabe, Symbolfiguren, Tuckerboote, Viver, Westfleth, Zollamt, Zwischen den Br\u00fccken\" width=\"900\" height=\"1350\" srcset=\"https:\/\/www.deibele.eu\/fotobuxtehude\/wp-content\/uploads\/2017\/03\/fotos-buxtehude-2-1.jpg 900w, https:\/\/www.deibele.eu\/fotobuxtehude\/wp-content\/uploads\/2017\/03\/fotos-buxtehude-2-1-200x300.jpg 200w, https:\/\/www.deibele.eu\/fotobuxtehude\/wp-content\/uploads\/2017\/03\/fotos-buxtehude-2-1-768x1152.jpg 768w, https:\/\/www.deibele.eu\/fotobuxtehude\/wp-content\/uploads\/2017\/03\/fotos-buxtehude-2-1-683x1024.jpg 683w\" sizes=\"auto, (max-width: 900px) 100vw, 900px\" \/><\/p>\n<p><img loading=\"lazy\" decoding=\"async\" class=\"size-full wp-image-4885 aligncenter\" src=\"http:\/\/www.deibele.eu\/fotobuxtehude\/wp-content\/uploads\/2017\/03\/fotos-buxtehude-3.jpg\" alt=\"Buxtehude Bilder, Fotos von Arnold Deibele, Abthaus, Alte Lateinschule, Am Geesttor, Bahnhof, Barkassenfahrten, Breite Stra\u00dfe, B\u00fcrgerhaus, Buxtehude, Buxtehuder Firmen, Der Siebte Schornstein, Elbekliniken, Fachhochschul,Figur 1000, Fleth-Apotheke, Flethbr\u00fccke, Flethm\u00fchle, Friedhof Stader Stra\u00dfe, Gr\u00fcndahl-M\u00fchle, Harburger Stra\u00dfe, Heimatmuseum, Hoyers Gang, Kaserne Torhaus , Katze mit B\u00fcgel, Klosterhof, Kriegerdenkmal Harburger Stra\u00dfe, Kriegerdenkmal Stader Stra\u00dfe, Kunstinsel, Lange Stra\u00dfe 19, Lange Stra\u00dfe 37, Linah-Zwinger, L\u00fcneburger Schanze, M\u00fchlenteich,Neptun, Nonne mit Schaf, Ovelg\u00f6nner Wasserm\u00fchle, Petriplatz, Rote Laterne, Schlachterei Bitter, Stadtbibliothek, Stadthaus, Stadtmauer, Stavenort, Sterbender Krieger, Strandzeichen, Symphonie des Lichts, Villen Stader Stra\u00dfe, Viverstra\u00dfe, ZOB, Zwinger, \" width=\"900\" height=\"1350\" srcset=\"https:\/\/www.deibele.eu\/fotobuxtehude\/wp-content\/uploads\/2017\/03\/fotos-buxtehude-3.jpg 900w, https:\/\/www.deibele.eu\/fotobuxtehude\/wp-content\/uploads\/2017\/03\/fotos-buxtehude-3-200x300.jpg 200w, https:\/\/www.deibele.eu\/fotobuxtehude\/wp-content\/uploads\/2017\/03\/fotos-buxtehude-3-768x1152.jpg 768w, https:\/\/www.deibele.eu\/fotobuxtehude\/wp-content\/uploads\/2017\/03\/fotos-buxtehude-3-683x1024.jpg 683w\" sizes=\"auto, (max-width: 900px) 100vw, 900px\" \/><\/p>\n","protected":false},"excerpt":{"rendered":"<p>Seitdem ich in Buxtehude wohne, bin ich hier mit meiner Fotokamera unterwegs. Im Laufe der Zeit entstand eine F\u00fclle von Fotos \u00fcber Buxtehude und ich begann, die \u00dcbersicht \u00fcber die vielen Bilder zu verlieren. Es wurde schlie\u00dflich unausweichlich, die Fotos zu \u00fcberarbeiten und zu ordnen. So entstand diese Bilderdatenbank &#8222;Buxtehude Fotos&#8220;. &nbsp;<\/p>\n","protected":false},"author":1,"featured_media":0,"parent":0,"menu_order":0,"comment_status":"closed","ping_status":"closed","template":"","meta":{"ngg_post_thumbnail":0,"footnotes":""},"class_list":["post-272","page","type-page","status-publish","hentry"],"yoast_head":"<!-- This site is optimized with the Yoast SEO plugin v24.8.1 - https:\/\/yoast.com\/wordpress\/plugins\/seo\/ -->\n<title>Startseite - Buxtehude Fotos<\/title>\n<meta name=\"description\" content=\"Im Laufe der Zeit enstanden viele Fotos \u00fcber Buxtehude und es wurde n\u00f6tig, die Fotos zu zu ordnen. So entstand diese Bilderdatenbank &quot;Buxtehude Fotos&quot;.\" \/>\n<meta name=\"robots\" content=\"index, follow, max-snippet:-1, max-image-preview:large, max-video-preview:-1\" \/>\n<link rel=\"canonical\" href=\"https:\/\/www.deibele.eu\/fotobuxtehude\/\" \/>\n<meta property=\"og:locale\" content=\"de_DE\" \/>\n<meta property=\"og:type\" content=\"article\" \/>\n<meta property=\"og:title\" content=\"Startseite - Buxtehude Fotos\" \/>\n<meta property=\"og:description\" content=\"Im Laufe der Zeit enstanden viele Fotos \u00fcber Buxtehude und es wurde n\u00f6tig, die Fotos zu zu ordnen. So entstand diese Bilderdatenbank &quot;Buxtehude Fotos&quot;.\" \/>\n<meta property=\"og:url\" content=\"https:\/\/www.deibele.eu\/fotobuxtehude\/\" \/>\n<meta property=\"og:site_name\" content=\"Buxtehude Fotos\" \/>\n<meta property=\"article:modified_time\" content=\"2025-04-06T15:52:54+00:00\" \/>\n<meta property=\"og:image\" content=\"https:\/\/www.deibele.eu\/fotobuxtehude\/wp-content\/uploads\/2017\/03\/fotos-buxtehude-1.jpg\" \/>\n\t<meta property=\"og:image:width\" content=\"900\" \/>\n\t<meta property=\"og:image:height\" content=\"1350\" \/>\n\t<meta property=\"og:image:type\" content=\"image\/jpeg\" \/>\n<meta name=\"twitter:card\" content=\"summary_large_image\" \/>\n<meta name=\"twitter:label1\" content=\"Gesch\u00e4tzte Lesezeit\" \/>\n\t<meta name=\"twitter:data1\" content=\"1\u00a0Minute\" \/>\n<script type=\"application\/ld+json\" class=\"yoast-schema-graph\">{\"@context\":\"https:\/\/schema.org\",\"@graph\":[{\"@type\":\"WebPage\",\"@id\":\"https:\/\/www.deibele.eu\/fotobuxtehude\/\",\"url\":\"https:\/\/www.deibele.eu\/fotobuxtehude\/\",\"name\":\"Startseite - Buxtehude Fotos\",\"isPartOf\":{\"@id\":\"https:\/\/www.deibele.eu\/fotobuxtehude\/#website\"},\"primaryImageOfPage\":{\"@id\":\"https:\/\/www.deibele.eu\/fotobuxtehude\/#primaryimage\"},\"image\":{\"@id\":\"https:\/\/www.deibele.eu\/fotobuxtehude\/#primaryimage\"},\"thumbnailUrl\":\"http:\/\/www.deibele.eu\/fotobuxtehude\/wp-content\/uploads\/2017\/03\/fotos-buxtehude-1.jpg\",\"datePublished\":\"2017-03-21T19:58:35+00:00\",\"dateModified\":\"2025-04-06T15:52:54+00:00\",\"description\":\"Im Laufe der Zeit enstanden viele Fotos \u00fcber Buxtehude und es wurde n\u00f6tig, die Fotos zu zu ordnen. So entstand diese Bilderdatenbank \\\"Buxtehude Fotos\\\".\",\"breadcrumb\":{\"@id\":\"https:\/\/www.deibele.eu\/fotobuxtehude\/#breadcrumb\"},\"inLanguage\":\"de\",\"potentialAction\":[{\"@type\":\"ReadAction\",\"target\":[\"https:\/\/www.deibele.eu\/fotobuxtehude\/\"]}]},{\"@type\":\"ImageObject\",\"inLanguage\":\"de\",\"@id\":\"https:\/\/www.deibele.eu\/fotobuxtehude\/#primaryimage\",\"url\":\"https:\/\/www.deibele.eu\/fotobuxtehude\/wp-content\/uploads\/2017\/03\/fotos-buxtehude-1.jpg\",\"contentUrl\":\"https:\/\/www.deibele.eu\/fotobuxtehude\/wp-content\/uploads\/2017\/03\/fotos-buxtehude-1.jpg\",\"width\":900,\"height\":1350},{\"@type\":\"BreadcrumbList\",\"@id\":\"https:\/\/www.deibele.eu\/fotobuxtehude\/#breadcrumb\",\"itemListElement\":[{\"@type\":\"ListItem\",\"position\":1,\"name\":\"Startseite\",\"item\":\"https:\/\/www.deibele.eu\/fotobuxtehude\/\"},{\"@type\":\"ListItem\",\"position\":2,\"name\":\"Startseite\"}]},{\"@type\":\"WebSite\",\"@id\":\"https:\/\/www.deibele.eu\/fotobuxtehude\/#website\",\"url\":\"https:\/\/www.deibele.eu\/fotobuxtehude\/\",\"name\":\"Buxtehude Fotos\",\"description\":\"von Arnold Deibele\",\"potentialAction\":[{\"@type\":\"SearchAction\",\"target\":{\"@type\":\"EntryPoint\",\"urlTemplate\":\"https:\/\/www.deibele.eu\/fotobuxtehude\/?s={search_term_string}\"},\"query-input\":{\"@type\":\"PropertyValueSpecification\",\"valueRequired\":true,\"valueName\":\"search_term_string\"}}],\"inLanguage\":\"de\"}]}<\/script>\n<!-- \/ Yoast SEO plugin. -->","yoast_head_json":{"title":"Startseite - Buxtehude Fotos","description":"Im Laufe der Zeit enstanden viele Fotos \u00fcber Buxtehude und es wurde n\u00f6tig, die Fotos zu zu ordnen. So entstand diese Bilderdatenbank \"Buxtehude Fotos\".","robots":{"index":"index","follow":"follow","max-snippet":"max-snippet:-1","max-image-preview":"max-image-preview:large","max-video-preview":"max-video-preview:-1"},"canonical":"https:\/\/www.deibele.eu\/fotobuxtehude\/","og_locale":"de_DE","og_type":"article","og_title":"Startseite - Buxtehude Fotos","og_description":"Im Laufe der Zeit enstanden viele Fotos \u00fcber Buxtehude und es wurde n\u00f6tig, die Fotos zu zu ordnen. So entstand diese Bilderdatenbank \"Buxtehude Fotos\".","og_url":"https:\/\/www.deibele.eu\/fotobuxtehude\/","og_site_name":"Buxtehude Fotos","article_modified_time":"2025-04-06T15:52:54+00:00","og_image":[{"width":900,"height":1350,"url":"https:\/\/www.deibele.eu\/fotobuxtehude\/wp-content\/uploads\/2017\/03\/fotos-buxtehude-1.jpg","type":"image\/jpeg"}],"twitter_card":"summary_large_image","twitter_misc":{"Gesch\u00e4tzte Lesezeit":"1\u00a0Minute"},"schema":{"@context":"https:\/\/schema.org","@graph":[{"@type":"WebPage","@id":"https:\/\/www.deibele.eu\/fotobuxtehude\/","url":"https:\/\/www.deibele.eu\/fotobuxtehude\/","name":"Startseite - Buxtehude Fotos","isPartOf":{"@id":"https:\/\/www.deibele.eu\/fotobuxtehude\/#website"},"primaryImageOfPage":{"@id":"https:\/\/www.deibele.eu\/fotobuxtehude\/#primaryimage"},"image":{"@id":"https:\/\/www.deibele.eu\/fotobuxtehude\/#primaryimage"},"thumbnailUrl":"http:\/\/www.deibele.eu\/fotobuxtehude\/wp-content\/uploads\/2017\/03\/fotos-buxtehude-1.jpg","datePublished":"2017-03-21T19:58:35+00:00","dateModified":"2025-04-06T15:52:54+00:00","description":"Im Laufe der Zeit enstanden viele Fotos \u00fcber Buxtehude und es wurde n\u00f6tig, die Fotos zu zu ordnen. So entstand diese Bilderdatenbank \"Buxtehude Fotos\".","breadcrumb":{"@id":"https:\/\/www.deibele.eu\/fotobuxtehude\/#breadcrumb"},"inLanguage":"de","potentialAction":[{"@type":"ReadAction","target":["https:\/\/www.deibele.eu\/fotobuxtehude\/"]}]},{"@type":"ImageObject","inLanguage":"de","@id":"https:\/\/www.deibele.eu\/fotobuxtehude\/#primaryimage","url":"https:\/\/www.deibele.eu\/fotobuxtehude\/wp-content\/uploads\/2017\/03\/fotos-buxtehude-1.jpg","contentUrl":"https:\/\/www.deibele.eu\/fotobuxtehude\/wp-content\/uploads\/2017\/03\/fotos-buxtehude-1.jpg","width":900,"height":1350},{"@type":"BreadcrumbList","@id":"https:\/\/www.deibele.eu\/fotobuxtehude\/#breadcrumb","itemListElement":[{"@type":"ListItem","position":1,"name":"Startseite","item":"https:\/\/www.deibele.eu\/fotobuxtehude\/"},{"@type":"ListItem","position":2,"name":"Startseite"}]},{"@type":"WebSite","@id":"https:\/\/www.deibele.eu\/fotobuxtehude\/#website","url":"https:\/\/www.deibele.eu\/fotobuxtehude\/","name":"Buxtehude Fotos","description":"von Arnold Deibele","potentialAction":[{"@type":"SearchAction","target":{"@type":"EntryPoint","urlTemplate":"https:\/\/www.deibele.eu\/fotobuxtehude\/?s={search_term_string}"},"query-input":{"@type":"PropertyValueSpecification","valueRequired":true,"valueName":"search_term_string"}}],"inLanguage":"de"}]}},"_links":{"self":[{"href":"https:\/\/www.deibele.eu\/fotobuxtehude\/index.php?rest_route=\/wp\/v2\/pages\/272","targetHints":{"allow":["GET"]}}],"collection":[{"href":"https:\/\/www.deibele.eu\/fotobuxtehude\/index.php?rest_route=\/wp\/v2\/pages"}],"about":[{"href":"https:\/\/www.deibele.eu\/fotobuxtehude\/index.php?rest_route=\/wp\/v2\/types\/page"}],"author":[{"embeddable":true,"href":"https:\/\/www.deibele.eu\/fotobuxtehude\/index.php?rest_route=\/wp\/v2\/users\/1"}],"replies":[{"embeddable":true,"href":"https:\/\/www.deibele.eu\/fotobuxtehude\/index.php?rest_route=%2Fwp%2Fv2%2Fcomments&post=272"}],"version-history":[{"count":18,"href":"https:\/\/www.deibele.eu\/fotobuxtehude\/index.php?rest_route=\/wp\/v2\/pages\/272\/revisions"}],"predecessor-version":[{"id":7347,"href":"https:\/\/www.deibele.eu\/fotobuxtehude\/index.php?rest_route=\/wp\/v2\/pages\/272\/revisions\/7347"}],"wp:attachment":[{"href":"https:\/\/www.deibele.eu\/fotobuxtehude\/index.php?rest_route=%2Fwp%2Fv2%2Fmedia&parent=272"}],"curies":[{"name":"wp","href":"https:\/\/api.w.org\/{rel}","templated":true}]}}